{"id":4924,"date":"2025-03-31T13:02:36","date_gmt":"2025-03-31T11:02:36","guid":{"rendered":"https:\/\/churchofchrist-eglisedechrist.fr\/?page_id=4924"},"modified":"2025-03-31T14:02:48","modified_gmt":"2025-03-31T12:02:48","slug":"qui-sommes-nous","status":"publish","type":"page","link":"https:\/\/churchofchrist-eglisedechrist.fr\/en\/informations\/qui-sommes-nous\/","title":{"rendered":"Who are we ?"},"content":{"rendered":"[et_pb_section fb_built=\u00a0\u00bb1&Prime; admin_label=\u00a0\u00bbsection\u00a0\u00bb _builder_version=\u00a0\u00bb4.16&Prime; global_colors_info=\u00a0\u00bb{}\u00a0\u00bb][et_pb_row admin_label=\u00a0\u00bbrow\u00a0\u00bb _builder_version=\u00a0\u00bb4.16&Prime; background_size=\u00a0\u00bbinitial\u00a0\u00bb background_position=\u00a0\u00bbtop_left\u00a0\u00bb background_repeat=\u00a0\u00bbrepeat\u00a0\u00bb global_colors_info=\u00a0\u00bb{}\u00a0\u00bb][et_pb_column type=\u00a0\u00bb4_4&Prime; _builder_version=\u00a0\u00bb4.16&Prime; custom_padding=\u00a0\u00bb|||\u00a0\u00bb global_colors_info=\u00a0\u00bb{}\u00a0\u00bb custom_padding__hover=\u00a0\u00bb|||\u00a0\u00bb][et_pb_text admin_label=\u00a0\u00bbText\u00a0\u00bb _builder_version=\u00a0\u00bb4.27.4&Prime; background_size=\u00a0\u00bbinitial\u00a0\u00bb background_position=\u00a0\u00bbtop_left\u00a0\u00bb background_repeat=\u00a0\u00bbrepeat\u00a0\u00bb hover_enabled=\u00a0\u00bb0&Prime; global_colors_info=\u00a0\u00bb{}\u00a0\u00bb sticky_enabled=\u00a0\u00bb0&Prime;]<p class=\"\">Nous sommes un groupe de chr\u00e9tiens r\u00e9unis dans l&rsquo;amour de J\u00e9sus-Christ pour l&rsquo;adorer et le servir. Il ne s&rsquo;agit pas d&rsquo;une association fond\u00e9e par la seule volont\u00e9 de l&rsquo;homme. Nous voulons \u00eatre en communion active avec tous ceux qui partagent la m\u00eame foi. Par cons\u00e9quent, notre union ne vient pas de nous-m\u00eames, elle est une cr\u00e9ation de Dieu.<\/p>\n<p><!-- \/wp:post-content --><\/p>\n<p><!-- wp:paragraph -->Nous ne portons pas d&rsquo;autre nom que celui de \u00ab\u00a0chr\u00e9tien\u00a0\u00bb, et nous ne sommes rattach\u00e9s \u00e0 aucune secte organis\u00e9e ou centralis\u00e9e. Notre seule r\u00e8gle de foi et de pratique, c&rsquo;est le Nouveau Testament; notre seul chef, c&rsquo;est le Christ. Nous avons donc renonc\u00e9 aux doctrines, aux traditions et aux noms humains qui ne viennent pas de la Parole de Dieu et qui provoquent les divisions. Mais \u00e9tant conscients de nos limites, nous ne cherchons pas \u00e0 imposer nos propres opinions.<\/p>\n<h2><strong>Que croyons-nous ?<\/strong><\/h2>\n<p>Nous croyons que les enseignements du Christ et de ses ap\u00f4tres, qui seuls font autorit\u00e9 dans l&rsquo;Eglise, expliquent clairement tout ce qu&rsquo;il faut croire et faire pour \u00eatre chr\u00e9tien et plaire \u00e0 Dieu. Dans ce domaine, nous insistons sur une pleine conformit\u00e9 \u00e0 la puret\u00e9 et la simplicit\u00e9 des Ecritures saintes. Quant aux points doctrinaux secondaires et aux questions d&rsquo;opinion, nous n&rsquo;en faisons pas une condition de communion et ne reconnaissons \u00e0 personne le droit de le faire.<\/p>\n<p>Tout comme le Christ, nous d\u00e9plorons la division qui existe actuellement parmi ceux qui se disent chr\u00e9tiens. Nous prions que toutes les d\u00e9nominations, au lieu de simplement se tol\u00e9rer et se reconna\u00eetre les unes les autres, disparaissent pour donner humblement place \u00e0 l&rsquo;unit\u00e9 de tous les croyants.<\/p>\n<p>Nous voulons \u00eatre des disciples du Christ et encourager notre prochain \u00e0 l&rsquo;\u00eatre aussi. En retournant \u00e0 la Bible, nous pouvons retrouver l&rsquo;Eglise telle que J\u00e9sus l&rsquo;a b\u00e2tie.\u00a0\u00bbNous ne nous pr\u00eachons pas nous-m\u00eames; c&rsquo;est J\u00e9sus-Christ le Seigneur que nous pr\u00eachons, et nous nous disons vos serviteurs \u00e0 cause de J\u00e9sus.\u00a0\u00bb<br \/>2 Corinthiens 4.5<\/p>\n<h2>Nos d\u00e9buts<\/h2>\n<p>Dans les ann\u00e9es 1950, alors que l&rsquo;Europe se reconstruit, des Chr\u00e9tiens d&rsquo;Outre-atlantique sont venus avec leurs faibles moyens, soutenus financi\u00e8rement par leur \u00e9glise locale ou par des amis, aider \u00e0 l&rsquo;am\u00e9lioration des conditions mat\u00e9rielles de pays ravag\u00e9s par les conflits. Ces femmes et ces hommes avaient aussi des richesses spirituelles \u00e0 partager et leur foi.<\/p>\n<p>A cette m\u00eame \u00e9poque, en France, quelques \u00e9glises ont vu le jour dans les villes ou m\u00eame dans des foyers \u00e0 la campagne.<\/p>\n<p>A Paris notre culte du dimanche et toutes les rencontres eurent d&rsquo;abord lieu au 2\u00e8me \u00e9tage d&rsquo;un immeuble situ\u00e9 rue des Martyrs, au-dessus d&rsquo;une salle de judo. En 1957, un ancien garage, transform\u00e9 en salle de r\u00e9unions, est devenu le local permanent de l&rsquo;Eglise du Christ, au 4 rue D\u00e9odat de S\u00e9verac. Les Chr\u00e9tiens qui s&rsquo;y r\u00e9unissaient n&rsquo;ont qu&rsquo;un seul but : respecter et servir toutes les femmes et tous les hommes au-del\u00e0 des clivages raciaux, nationaux, religieux sur la base de l&rsquo;amour qui pardonne tout et esp\u00e8re tout (I Corinthiens 13.7).<\/p>\n<p>Les \u00e9glises du Christ n&rsquo;ont aucune organisation centrale. Elles sont s\u0153urs, unies sur la base du Nouveau Testament et autonomes.<\/p>[\/et_pb_text][\/et_pb_column][\/et_pb_row][\/et_pb_section]","protected":false},"excerpt":{"rendered":"<p>Nous sommes un groupe de chr\u00e9tiens r\u00e9unis dans l&rsquo;amour de J\u00e9sus-Christ pour l&rsquo;adorer et le servir. Il ne s&rsquo;agit pas d&rsquo;une association fond\u00e9e par la seule volont\u00e9 de l&rsquo;homme. Nous voulons \u00eatre en communion active avec tous ceux qui partagent la m\u00eame foi. Par cons\u00e9quent, notre union ne vient pas de nous-m\u00eames, elle est une [&hellip;]<\/p>\n","protected":false},"author":4,"featured_media":4639,"parent":4817,"menu_order":0,"comment_status":"closed","ping_status":"closed","template":"","meta":{"_acf_changed":false,"_et_pb_use_builder":"on","_et_pb_old_content":"<!-- wp:paragraph -->\r\n<p>Nous sommes un groupe de chr\u00e9tiens r\u00e9unis dans l'amour de J\u00e9sus-Christ pour l'adorer et le servir. Il ne s'agit pas d'une association fond\u00e9e par la seule volont\u00e9 de l'homme. Nous voulons \u00eatre en communion active avec tous ceux qui partagent la m\u00eame foi. Par cons\u00e9quent, notre union ne vient pas de nous-m\u00eames, elle est une cr\u00e9ation de Dieu.<\/p>\r\n<!-- \/wp:paragraph -->\r\n\r\n<!-- wp:paragraph -->\r\n<p>Nous ne portons pas d'autre nom que celui de \"chr\u00e9tien\", et nous ne sommes rattach\u00e9s \u00e0 aucune secte organis\u00e9e ou centralis\u00e9e. Notre seule r\u00e8gle de foi et de pratique, c'est le Nouveau Testament; notre seul chef, c'est le Christ. Nous avons donc renonc\u00e9 aux doctrines, aux traditions et aux noms humains qui ne viennent pas de la Parole de Dieu et qui provoquent les divisions. Mais \u00e9tant conscients de nos limites, nous ne cherchons pas \u00e0 imposer nos propres opinions. Nous croyons que les enseignements du Christ et de ses ap\u00f4tres, qui seuls font autorit\u00e9 dans l'Eglise, expliquent clairement tout ce qu'il faut croire et faire pour \u00eatre chr\u00e9tien et plaire \u00e0 Dieu. Dans ce domaine, nous insistons sur une pleine conformit\u00e9 \u00e0 la puret\u00e9 et la simplicit\u00e9 des Ecritures saintes. Quant aux points doctrinaux secondaires et aux questions d'opinion, nous n'en faisons pas une condition de communion et ne reconnaissons \u00e0 personne le droit de le faire.<\/p>\r\n<!-- \/wp:paragraph -->\r\n\r\n<!-- wp:paragraph -->\r\n<p>Tout comme le Christ, nous d\u00e9plorons la division qui existe actuellement parmi ceux qui se disent chr\u00e9tiens. Nous prions que toutes les d\u00e9nominations, au lieu de simplement se tol\u00e9rer et se reconna\u00eetre les unes les autres, disparaissent pour donner humblement place \u00e0 l'unit\u00e9 de tous les croyants.<\/p>\r\n<!-- \/wp:paragraph -->\r\n\r\n<!-- wp:paragraph -->\r\n<p>Nous ne cherchons pas \u00e0 faire des adeptes. Nous voulons seulement \u00eatre des disciples du Christ et encourager notre prochain \u00e0 l'\u00eatre aussi. En retournant \u00e0 la Bible, nous pouvons retrouver l'Eglise telle que J\u00e9sus l'a b\u00e2tie.\"Nous ne nous pr\u00eachons pas nous-m\u00eames; c'est J\u00e9sus-Christ le Seigneur que nous pr\u00eachons, et nous nous disons vos serviteurs \u00e0 cause de J\u00e9sus.\"<br>2 Corinthiens 4.5<\/p>\r\n<!-- \/wp:paragraph -->\r\n\r\n<!-- wp:heading -->\r\n<h2>Nos D\u00e9buts. . .<\/h2>\r\n<!-- \/wp:heading -->\r\n\r\n<!-- wp:paragraph -->\r\n<p>Dans les ann\u00e9es 1950, alors que l'Europe se reconstruit, des Chr\u00e9tiens d'Outre-atlantique sont venus avec leur faible moyen, soutenus financi\u00e8rement par leur \u00e9glise locale ou par des amis, aider \u00e0 l'am\u00e9lioration des conditions mat\u00e9rielles de pays ravag\u00e9s par les conflits. Ces femmes et ces hommes avaient aussi des richesses spirituelles \u00e0 partager et leur foi.<\/p>\r\n<!-- \/wp:paragraph -->\r\n\r\n<!-- wp:paragraph -->\r\n<p>A cette m\u00eame \u00e9poque, en France, quelques \u00e9glises ont vu le jour dans les villes ou m\u00eame dans des foyers \u00e0 la campagne.<\/p>\r\n<!-- \/wp:paragraph -->\r\n\r\n<!-- wp:paragraph -->\r\n<p>A Paris le culte du dimanche et toutes les rencontres eurent d'abord lieu au 2\u00e8me \u00e9tage d'un immeuble situ\u00e9 rue des Martyrs, au-dessus d'une salle de judo. En 1957, un ancien garage, transform\u00e9 en salle de r\u00e9unions, est devenu le local permanent de l'Eglise du Christ, au 4 rue D\u00e9odat de S\u00e9verac. Les Chr\u00e9tiens qui s'y r\u00e9unissent n'ont qu'un seul but : respecter et servir toutes les femmes et tous les hommes au-del\u00e0 des clivages raciaux, nationaux, religieux sur la base de l'amour qui pardonne tout et esp\u00e8re tout (I Corinthiens 13.7).<\/p>\r\n<!-- \/wp:paragraph -->\r\n\r\n<!-- wp:paragraph -->\r\n<p>Les Eglises du Christ n'ont aucune organisation centrale. Elles sont s\u0153urs, unies sur la base du Nouveau Testament et autonomes.<\/p>\r\n<!-- \/wp:paragraph -->","_et_gb_content_width":"1080","footnotes":"","_links_to":"","_links_to_target":""},"class_list":["post-4924","page","type-page","status-publish","has-post-thumbnail","hentry"],"acf":[],"yoast_head":"<!-- This site is optimized with the Yoast SEO plugin v27.6 - https:\/\/yoast.com\/product\/yoast-seo-wordpress\/ -->\n<title>Qui sommes-nous ? - Eglise de Christ<\/title>\n<meta name=\"description\" content=\"Eglise implant\u00e9e \u00e0 Paris depuis les ann\u00e9es 1950, notre famille spirituelle compte des membres de tous parts, appel\u00e9s \u00e0 adorer et \u00e0 servir Dieu ensemble.\" \/>\n<meta name=\"robots\" content=\"index, follow, max-snippet:-1, max-image-preview:large, max-video-preview:-1\" \/>\n<link rel=\"canonical\" href=\"https:\/\/churchofchrist-eglisedechrist.fr\/en\/informations\/qui-sommes-nous\/\" \/>\n<meta property=\"og:locale\" content=\"en_US\" \/>\n<meta property=\"og:type\" content=\"article\" \/>\n<meta property=\"og:title\" content=\"Qui sommes-nous ? - Eglise de Christ\" \/>\n<meta property=\"og:description\" content=\"Eglise implant\u00e9e \u00e0 Paris depuis les ann\u00e9es 1950, notre famille spirituelle compte des membres de tous parts, appel\u00e9s \u00e0 adorer et \u00e0 servir Dieu ensemble.\" \/>\n<meta property=\"og:url\" content=\"https:\/\/churchofchrist-eglisedechrist.fr\/en\/informations\/qui-sommes-nous\/\" \/>\n<meta property=\"og:site_name\" content=\"Eglise de Christ\" \/>\n<meta property=\"article:modified_time\" content=\"2025-03-31T12:02:48+00:00\" \/>\n<meta property=\"og:image\" content=\"https:\/\/churchofchrist-eglisedechrist.fr\/wp-content\/uploads\/2025\/03\/patrick-fore-b_SHPU5M3nk-unsplash.jpg\" \/>\n\t<meta property=\"og:image:width\" content=\"1920\" \/>\n\t<meta property=\"og:image:height\" content=\"1280\" \/>\n\t<meta property=\"og:image:type\" content=\"image\/jpeg\" \/>\n<meta name=\"twitter:card\" content=\"summary_large_image\" \/>\n<meta name=\"twitter:label1\" content=\"Est. reading time\" \/>\n\t<meta name=\"twitter:data1\" content=\"3 minutes\" \/>\n<script type=\"application\/ld+json\" class=\"yoast-schema-graph\">{\"@context\":\"https:\\\/\\\/schema.org\",\"@graph\":[{\"@type\":\"WebPage\",\"@id\":\"https:\\\/\\\/churchofchrist-eglisedechrist.fr\\\/informations\\\/qui-sommes-nous\\\/\",\"url\":\"https:\\\/\\\/churchofchrist-eglisedechrist.fr\\\/informations\\\/qui-sommes-nous\\\/\",\"name\":\"Qui sommes-nous ? - Eglise de Christ\",\"isPartOf\":{\"@id\":\"https:\\\/\\\/churchofchrist-eglisedechrist.fr\\\/#website\"},\"primaryImageOfPage\":{\"@id\":\"https:\\\/\\\/churchofchrist-eglisedechrist.fr\\\/informations\\\/qui-sommes-nous\\\/#primaryimage\"},\"image\":{\"@id\":\"https:\\\/\\\/churchofchrist-eglisedechrist.fr\\\/informations\\\/qui-sommes-nous\\\/#primaryimage\"},\"thumbnailUrl\":\"https:\\\/\\\/churchofchrist-eglisedechrist.fr\\\/wp-content\\\/uploads\\\/2025\\\/03\\\/patrick-fore-b_SHPU5M3nk-unsplash.jpg\",\"datePublished\":\"2025-03-31T11:02:36+00:00\",\"dateModified\":\"2025-03-31T12:02:48+00:00\",\"description\":\"Eglise implant\u00e9e \u00e0 Paris depuis les ann\u00e9es 1950, notre famille spirituelle compte des membres de tous parts, appel\u00e9s \u00e0 adorer et \u00e0 servir Dieu ensemble.\",\"breadcrumb\":{\"@id\":\"https:\\\/\\\/churchofchrist-eglisedechrist.fr\\\/informations\\\/qui-sommes-nous\\\/#breadcrumb\"},\"inLanguage\":\"en-US\",\"potentialAction\":[{\"@type\":\"ReadAction\",\"target\":[\"https:\\\/\\\/churchofchrist-eglisedechrist.fr\\\/informations\\\/qui-sommes-nous\\\/\"]}]},{\"@type\":\"ImageObject\",\"inLanguage\":\"en-US\",\"@id\":\"https:\\\/\\\/churchofchrist-eglisedechrist.fr\\\/informations\\\/qui-sommes-nous\\\/#primaryimage\",\"url\":\"https:\\\/\\\/churchofchrist-eglisedechrist.fr\\\/wp-content\\\/uploads\\\/2025\\\/03\\\/patrick-fore-b_SHPU5M3nk-unsplash.jpg\",\"contentUrl\":\"https:\\\/\\\/churchofchrist-eglisedechrist.fr\\\/wp-content\\\/uploads\\\/2025\\\/03\\\/patrick-fore-b_SHPU5M3nk-unsplash.jpg\",\"width\":1920,\"height\":1280,\"caption\":\"Patrick fore b shpu5m3nk unsplash\"},{\"@type\":\"BreadcrumbList\",\"@id\":\"https:\\\/\\\/churchofchrist-eglisedechrist.fr\\\/informations\\\/qui-sommes-nous\\\/#breadcrumb\",\"itemListElement\":[{\"@type\":\"ListItem\",\"position\":1,\"name\":\"Accueil\",\"item\":\"https:\\\/\\\/churchofchrist-eglisedechrist.fr\\\/\"},{\"@type\":\"ListItem\",\"position\":2,\"name\":\"Informations\",\"item\":\"https:\\\/\\\/churchofchrist-eglisedechrist.fr\\\/informations\\\/\"},{\"@type\":\"ListItem\",\"position\":3,\"name\":\"Qui sommes-nous ?\"}]},{\"@type\":\"WebSite\",\"@id\":\"https:\\\/\\\/churchofchrist-eglisedechrist.fr\\\/#website\",\"url\":\"https:\\\/\\\/churchofchrist-eglisedechrist.fr\\\/\",\"name\":\"Eglise de Christ\",\"description\":\"Paris, France\",\"potentialAction\":[{\"@type\":\"SearchAction\",\"target\":{\"@type\":\"EntryPoint\",\"urlTemplate\":\"https:\\\/\\\/churchofchrist-eglisedechrist.fr\\\/?s={search_term_string}\"},\"query-input\":{\"@type\":\"PropertyValueSpecification\",\"valueRequired\":true,\"valueName\":\"search_term_string\"}}],\"inLanguage\":\"en-US\"}]}<\/script>\n<!-- \/ Yoast SEO plugin. -->","yoast_head_json":{"title":"Qui sommes-nous ? - Eglise de Christ","description":"Eglise implant\u00e9e \u00e0 Paris depuis les ann\u00e9es 1950, notre famille spirituelle compte des membres de tous parts, appel\u00e9s \u00e0 adorer et \u00e0 servir Dieu ensemble.","robots":{"index":"index","follow":"follow","max-snippet":"max-snippet:-1","max-image-preview":"max-image-preview:large","max-video-preview":"max-video-preview:-1"},"canonical":"https:\/\/churchofchrist-eglisedechrist.fr\/en\/informations\/qui-sommes-nous\/","og_locale":"en_US","og_type":"article","og_title":"Qui sommes-nous ? - Eglise de Christ","og_description":"Eglise implant\u00e9e \u00e0 Paris depuis les ann\u00e9es 1950, notre famille spirituelle compte des membres de tous parts, appel\u00e9s \u00e0 adorer et \u00e0 servir Dieu ensemble.","og_url":"https:\/\/churchofchrist-eglisedechrist.fr\/en\/informations\/qui-sommes-nous\/","og_site_name":"Eglise de Christ","article_modified_time":"2025-03-31T12:02:48+00:00","og_image":[{"width":1920,"height":1280,"url":"https:\/\/churchofchrist-eglisedechrist.fr\/wp-content\/uploads\/2025\/03\/patrick-fore-b_SHPU5M3nk-unsplash.jpg","type":"image\/jpeg"}],"twitter_card":"summary_large_image","twitter_misc":{"Est. reading time":"3 minutes"},"schema":{"@context":"https:\/\/schema.org","@graph":[{"@type":"WebPage","@id":"https:\/\/churchofchrist-eglisedechrist.fr\/informations\/qui-sommes-nous\/","url":"https:\/\/churchofchrist-eglisedechrist.fr\/informations\/qui-sommes-nous\/","name":"Qui sommes-nous ? - Eglise de Christ","isPartOf":{"@id":"https:\/\/churchofchrist-eglisedechrist.fr\/#website"},"primaryImageOfPage":{"@id":"https:\/\/churchofchrist-eglisedechrist.fr\/informations\/qui-sommes-nous\/#primaryimage"},"image":{"@id":"https:\/\/churchofchrist-eglisedechrist.fr\/informations\/qui-sommes-nous\/#primaryimage"},"thumbnailUrl":"https:\/\/churchofchrist-eglisedechrist.fr\/wp-content\/uploads\/2025\/03\/patrick-fore-b_SHPU5M3nk-unsplash.jpg","datePublished":"2025-03-31T11:02:36+00:00","dateModified":"2025-03-31T12:02:48+00:00","description":"Eglise implant\u00e9e \u00e0 Paris depuis les ann\u00e9es 1950, notre famille spirituelle compte des membres de tous parts, appel\u00e9s \u00e0 adorer et \u00e0 servir Dieu ensemble.","breadcrumb":{"@id":"https:\/\/churchofchrist-eglisedechrist.fr\/informations\/qui-sommes-nous\/#breadcrumb"},"inLanguage":"en-US","potentialAction":[{"@type":"ReadAction","target":["https:\/\/churchofchrist-eglisedechrist.fr\/informations\/qui-sommes-nous\/"]}]},{"@type":"ImageObject","inLanguage":"en-US","@id":"https:\/\/churchofchrist-eglisedechrist.fr\/informations\/qui-sommes-nous\/#primaryimage","url":"https:\/\/churchofchrist-eglisedechrist.fr\/wp-content\/uploads\/2025\/03\/patrick-fore-b_SHPU5M3nk-unsplash.jpg","contentUrl":"https:\/\/churchofchrist-eglisedechrist.fr\/wp-content\/uploads\/2025\/03\/patrick-fore-b_SHPU5M3nk-unsplash.jpg","width":1920,"height":1280,"caption":"Patrick fore b shpu5m3nk unsplash"},{"@type":"BreadcrumbList","@id":"https:\/\/churchofchrist-eglisedechrist.fr\/informations\/qui-sommes-nous\/#breadcrumb","itemListElement":[{"@type":"ListItem","position":1,"name":"Accueil","item":"https:\/\/churchofchrist-eglisedechrist.fr\/"},{"@type":"ListItem","position":2,"name":"Informations","item":"https:\/\/churchofchrist-eglisedechrist.fr\/informations\/"},{"@type":"ListItem","position":3,"name":"Qui sommes-nous ?"}]},{"@type":"WebSite","@id":"https:\/\/churchofchrist-eglisedechrist.fr\/#website","url":"https:\/\/churchofchrist-eglisedechrist.fr\/","name":"Eglise de Christ","description":"Paris, France","potentialAction":[{"@type":"SearchAction","target":{"@type":"EntryPoint","urlTemplate":"https:\/\/churchofchrist-eglisedechrist.fr\/?s={search_term_string}"},"query-input":{"@type":"PropertyValueSpecification","valueRequired":true,"valueName":"search_term_string"}}],"inLanguage":"en-US"}]}},"_links":{"self":[{"href":"https:\/\/churchofchrist-eglisedechrist.fr\/en\/wp-json\/wp\/v2\/pages\/4924","targetHints":{"allow":["GET"]}}],"collection":[{"href":"https:\/\/churchofchrist-eglisedechrist.fr\/en\/wp-json\/wp\/v2\/pages"}],"about":[{"href":"https:\/\/churchofchrist-eglisedechrist.fr\/en\/wp-json\/wp\/v2\/types\/page"}],"author":[{"embeddable":true,"href":"https:\/\/churchofchrist-eglisedechrist.fr\/en\/wp-json\/wp\/v2\/users\/4"}],"replies":[{"embeddable":true,"href":"https:\/\/churchofchrist-eglisedechrist.fr\/en\/wp-json\/wp\/v2\/comments?post=4924"}],"version-history":[{"count":3,"href":"https:\/\/churchofchrist-eglisedechrist.fr\/en\/wp-json\/wp\/v2\/pages\/4924\/revisions"}],"predecessor-version":[{"id":4930,"href":"https:\/\/churchofchrist-eglisedechrist.fr\/en\/wp-json\/wp\/v2\/pages\/4924\/revisions\/4930"}],"up":[{"embeddable":true,"href":"https:\/\/churchofchrist-eglisedechrist.fr\/en\/wp-json\/wp\/v2\/pages\/4817"}],"wp:featuredmedia":[{"embeddable":true,"href":"https:\/\/churchofchrist-eglisedechrist.fr\/en\/wp-json\/wp\/v2\/media\/4639"}],"wp:attachment":[{"href":"https:\/\/churchofchrist-eglisedechrist.fr\/en\/wp-json\/wp\/v2\/media?parent=4924"}],"curies":[{"name":"wp","href":"https:\/\/api.w.org\/{rel}","templated":true}]}}