{"id":4044,"date":"2020-07-29T23:10:01","date_gmt":"2020-07-29T21:10:01","guid":{"rendered":"https:\/\/churchofchrist-eglisedechrist.fr\/?page_id=4044"},"modified":"2025-04-05T13:15:02","modified_gmt":"2025-04-05T11:15:02","slug":"horizons-chretiens","status":"publish","type":"page","link":"https:\/\/churchofchrist-eglisedechrist.fr\/en\/exhortations\/horizons-chretiens\/","title":{"rendered":"Christian Horizons"},"content":{"rendered":"<p>[et_pb_section fb_built=\u00a0\u00bb1&Prime; admin_label=\u00a0\u00bbsection\u00a0\u00bb _builder_version=\u00a0\u00bb4.16&Prime; global_colors_info=\u00a0\u00bb{}\u00a0\u00bb][et_pb_row admin_label=\u00a0\u00bbrow\u00a0\u00bb _builder_version=\u00a0\u00bb4.16&Prime; background_size=\u00a0\u00bbinitial\u00a0\u00bb background_position=\u00a0\u00bbtop_left\u00a0\u00bb background_repeat=\u00a0\u00bbrepeat\u00a0\u00bb global_colors_info=\u00a0\u00bb{}\u00a0\u00bb][et_pb_column type=\u00a0\u00bb4_4&Prime; _builder_version=\u00a0\u00bb4.16&Prime; custom_padding=\u00a0\u00bb|||\u00a0\u00bb global_colors_info=\u00a0\u00bb{}\u00a0\u00bb custom_padding__hover=\u00a0\u00bb|||\u00a0\u00bb][et_pb_text _builder_version=\u00a0\u00bb4.27.4&Prime; _module_preset=\u00a0\u00bbdefault\u00a0\u00bb global_colors_info=\u00a0\u00bb{}\u00a0\u00bb]<\/p>\n<p>Horizons Chr\u00e9tiens est n\u00e9 dans les ann\u00e9es 1975 dans le but de redonner une direction spirituelle \u00e0 tous les chr\u00e9tiens qui prennent conscience de la confusion et des divisions qui r\u00e8gnent entre croyants. Le moyen pour l\u2019accomplir c&rsquo;est par la Bible. Cette direction spirituelle est clairement d\u00e9crite dans la Bible qui peut nous unir si nous mettons en pratiques ses enseignements, dans un esprit d\u2019amour et d\u2019ob\u00e9issance.\u00a0<\/p>\n<p>[\/et_pb_text][et_pb_custblog _builder_version=\u00a0\u00bb4.27.4&Prime; _module_preset=\u00a0\u00bbdefault\u00a0\u00bb post_type=\u00a0\u00bbencouragement\u00a0\u00bb include_categories_encouragements-category=\u00a0\u00bb122&Prime; hover_enabled=\u00a0\u00bb0&Prime; sticky_enabled=\u00a0\u00bb0&Prime;][\/et_pb_custblog][et_pb_text admin_label=\u00a0\u00bbText\u00a0\u00bb _builder_version=\u00a0\u00bb4.27.4&Prime; background_size=\u00a0\u00bbinitial\u00a0\u00bb background_position=\u00a0\u00bbtop_left\u00a0\u00bb background_repeat=\u00a0\u00bbrepeat\u00a0\u00bb global_colors_info=\u00a0\u00bb{}\u00a0\u00bb]<!-- divi:shortcode --><br \/><style type='text\/css'>\r\n  #mla_gallery-1 {\r\n    margin: auto;\r\n  }\r\n  #mla_gallery-1 .gallery-row {\r\n    text-align: left;\r\n    width: 97%;\r\n  }\r\n\r\n#mla_gallery-1 .gallery-row td {\r\n    border: 1px solid #e2e2e2;\r\n  }\r\n\r\n  #mla_gallery-1 .gallery-title {\r\n\r\n  }\r\n<\/style><table id='mla_gallery-1' class='gallery galleryid-4044\r\ngallery-columns-1 gallery-size-thumbnail'><tr class='gallery-row'><td class='wp-caption-text gallery-title'><a href='https:\/\/churchofchrist-eglisedechrist.fr\/en\/horizons-chretiens-1975-n1\/'><img loading=\"lazy\" decoding=\"async\" width=\"150\" height=\"106\" src=\"https:\/\/churchofchrist-eglisedechrist.fr\/wp-content\/uploads\/2020\/07\/Horizons-Chretiens-1975-n1-pdf-150x106.jpg\" class=\"attachment-thumbnail size-thumbnail\" alt=\"Horizons chretiens 1975 n1\" \/><\/a><\/td>\r\n<td>Horizons chretiens 1975 n1<\/td><\/tr><tr class='gallery-row'><td class='wp-caption-text gallery-title'><a href='https:\/\/churchofchrist-eglisedechrist.fr\/en\/horizons-chretiens-1975-n2\/'><img loading=\"lazy\" decoding=\"async\" width=\"150\" height=\"106\" src=\"https:\/\/churchofchrist-eglisedechrist.fr\/wp-content\/uploads\/2020\/07\/Horizons-Chretiens-1975-n2-pdf-150x106.jpg\" class=\"attachment-thumbnail size-thumbnail\" alt=\"Horizons chretiens 1975 n2\" \/><\/a><\/td>\r\n<td>Horizons chretiens 1975 n2<\/td><\/tr><tr class='gallery-row'><td class='wp-caption-text gallery-title'><a href='https:\/\/churchofchrist-eglisedechrist.fr\/en\/horizons-chretiens-1976-n1\/'><img loading=\"lazy\" decoding=\"async\" width=\"150\" height=\"106\" src=\"https:\/\/churchofchrist-eglisedechrist.fr\/wp-content\/uploads\/2020\/07\/Horizons-Chretiens-1976-n1-pdf-150x106.jpg\" class=\"attachment-thumbnail size-thumbnail\" alt=\"Horizons chretiens 1976 n1\" \/><\/a><\/td>\r\n<td>Horizons chretiens 1976 n1<\/td><\/tr><tr class='gallery-row'><td class='wp-caption-text gallery-title'><a href='https:\/\/churchofchrist-eglisedechrist.fr\/en\/horizons-chretiens-1976-n2\/'><img loading=\"lazy\" decoding=\"async\" width=\"150\" height=\"106\" src=\"https:\/\/churchofchrist-eglisedechrist.fr\/wp-content\/uploads\/2020\/07\/Horizons-Chretiens-1976-n2-pdf-150x106.jpg\" class=\"attachment-thumbnail size-thumbnail\" alt=\"Horizons chretiens 1976 n2\" \/><\/a><\/td>\r\n<td>Horizons chretiens 1976 n2<\/td><\/tr><tr class='gallery-row'><td class='wp-caption-text gallery-title'><a href='https:\/\/churchofchrist-eglisedechrist.fr\/en\/horizons-chretiens-1976-n3\/'><img loading=\"lazy\" decoding=\"async\" width=\"150\" height=\"106\" src=\"https:\/\/churchofchrist-eglisedechrist.fr\/wp-content\/uploads\/2020\/07\/Horizons-Chretiens-1976-n3-pdf-150x106.jpg\" class=\"attachment-thumbnail size-thumbnail\" alt=\"Horizons chretiens 1976 n3\" \/><\/a><\/td>\r\n<td>Horizons chretiens 1976 n3<\/td><\/tr><tr class='gallery-row'><td class='wp-caption-text gallery-title'><a href='https:\/\/churchofchrist-eglisedechrist.fr\/en\/horizons-chretiens-1976-n4\/'><img loading=\"lazy\" decoding=\"async\" width=\"150\" height=\"106\" src=\"https:\/\/churchofchrist-eglisedechrist.fr\/wp-content\/uploads\/2020\/07\/Horizons-Chretiens-1976-n4-pdf-150x106.jpg\" class=\"attachment-thumbnail size-thumbnail\" alt=\"Horizons chretiens 1976 n4\" \/><\/a><\/td>\r\n<td>Horizons chretiens 1976 n4<\/td><\/tr><tr class='gallery-row'><td class='wp-caption-text gallery-title'><a href='https:\/\/churchofchrist-eglisedechrist.fr\/en\/horizons-chretiens-1977-n1\/'><img loading=\"lazy\" decoding=\"async\" width=\"150\" height=\"106\" src=\"https:\/\/churchofchrist-eglisedechrist.fr\/wp-content\/uploads\/2020\/07\/Horizons-Chretiens-1977-n1-pdf-150x106.jpg\" class=\"attachment-thumbnail size-thumbnail\" alt=\"Horizons chretiens 1977 n1\" \/><\/a><\/td>\r\n<td>Horizons chretiens 1977 n1<\/td><\/tr><tr class='gallery-row'><td class='wp-caption-text gallery-title'><a href='https:\/\/churchofchrist-eglisedechrist.fr\/en\/horizons-chretiens-1977-n4\/'><img loading=\"lazy\" decoding=\"async\" width=\"150\" height=\"106\" src=\"https:\/\/churchofchrist-eglisedechrist.fr\/wp-content\/uploads\/2020\/07\/Horizons-Chretiens-1977-n4-pdf-150x106.jpg\" class=\"attachment-thumbnail size-thumbnail\" alt=\"Horizons chretiens 1977 n4\" \/><\/a><\/td>\r\n<td>Horizons chretiens 1977 n4<\/td><\/tr><tr class='gallery-row'><td class='wp-caption-text gallery-title'><a href='https:\/\/churchofchrist-eglisedechrist.fr\/en\/horizons-chretiens-1978-n1\/'><img loading=\"lazy\" decoding=\"async\" width=\"150\" height=\"106\" src=\"https:\/\/churchofchrist-eglisedechrist.fr\/wp-content\/uploads\/2020\/07\/Horizons-Chretiens-1978-n1-pdf-150x106.jpg\" class=\"attachment-thumbnail size-thumbnail\" alt=\"Horizons chretiens 1978 n1\" \/><\/a><\/td>\r\n<td>Horizons chretiens 1978 n1<\/td><\/tr><tr class='gallery-row'><td class='wp-caption-text gallery-title'><a href='https:\/\/churchofchrist-eglisedechrist.fr\/en\/horizons-chretiens-1978-n12\/'><img loading=\"lazy\" decoding=\"async\" width=\"150\" height=\"106\" src=\"https:\/\/churchofchrist-eglisedechrist.fr\/wp-content\/uploads\/2020\/07\/Horizons-Chretiens-1978-n12-pdf-150x106.jpg\" class=\"attachment-thumbnail size-thumbnail\" alt=\"Horizons chretiens 1978 n12\" \/><\/a><\/td>\r\n<td>Horizons chretiens 1978 n12<\/td><\/tr><tr class='gallery-row'><td class='wp-caption-text gallery-title'><a href='https:\/\/churchofchrist-eglisedechrist.fr\/en\/horizons-chretiens-1978-n13\/'><img loading=\"lazy\" decoding=\"async\" width=\"150\" height=\"106\" src=\"https:\/\/churchofchrist-eglisedechrist.fr\/wp-content\/uploads\/2020\/07\/Horizons-Chretiens-1978-n13-pdf-150x106.jpg\" class=\"attachment-thumbnail size-thumbnail\" alt=\"Horizons chretiens 1978 n13\" \/><\/a><\/td>\r\n<td>Horizons chretiens 1978 n13<\/td><\/tr><tr class='gallery-row'><td class='wp-caption-text gallery-title'><a href='https:\/\/churchofchrist-eglisedechrist.fr\/en\/horizons-chretiens-1978-n14\/'><img loading=\"lazy\" decoding=\"async\" width=\"150\" height=\"106\" src=\"https:\/\/churchofchrist-eglisedechrist.fr\/wp-content\/uploads\/2020\/07\/Horizons-Chretiens-1978-n14-pdf-150x106.jpg\" class=\"attachment-thumbnail size-thumbnail\" alt=\"Horizons chretiens 1978 n14\" \/><\/a><\/td>\r\n<td>Horizons chretiens 1978 n14<\/td><\/tr><tr class='gallery-row'><td class='wp-caption-text gallery-title'><a href='https:\/\/churchofchrist-eglisedechrist.fr\/en\/horizons-chretiens-1978-n15\/'><img loading=\"lazy\" decoding=\"async\" width=\"150\" height=\"106\" src=\"https:\/\/churchofchrist-eglisedechrist.fr\/wp-content\/uploads\/2020\/07\/Horizons-Chretiens-1978-n15-pdf-150x106.jpg\" class=\"attachment-thumbnail size-thumbnail\" alt=\"Horizons chretiens 1978 n15\" \/><\/a><\/td>\r\n<td>Horizons chretiens 1978 n15<\/td><\/tr><tr class='gallery-row'><td class='wp-caption-text gallery-title'><a href='https:\/\/churchofchrist-eglisedechrist.fr\/en\/horizons-chretiens-1978-n16\/'><img loading=\"lazy\" decoding=\"async\" width=\"150\" height=\"106\" src=\"https:\/\/churchofchrist-eglisedechrist.fr\/wp-content\/uploads\/2020\/07\/Horizons-Chretiens-1978-n16-pdf-150x106.jpg\" class=\"attachment-thumbnail size-thumbnail\" alt=\"Horizons chretiens 1978 n16\" \/><\/a><\/td>\r\n<td>Horizons chretiens 1978 n16<\/td><\/tr><tr class='gallery-row'><td class='wp-caption-text gallery-title'><a href='https:\/\/churchofchrist-eglisedechrist.fr\/en\/horizons-chretiens-1979-n17\/'><img loading=\"lazy\" decoding=\"async\" width=\"150\" height=\"106\" src=\"https:\/\/churchofchrist-eglisedechrist.fr\/wp-content\/uploads\/2020\/07\/Horizons-Chretiens-1979-n17-pdf-150x106.jpg\" class=\"attachment-thumbnail size-thumbnail\" alt=\"Horizons chretiens 1979 n17\" \/><\/a><\/td>\r\n<td>Horizons chretiens 1979 n17<\/td><\/tr><tr class='gallery-row'><td class='wp-caption-text gallery-title'><a href='https:\/\/churchofchrist-eglisedechrist.fr\/en\/horizons-chretiens-1981-n18\/'><img loading=\"lazy\" decoding=\"async\" width=\"150\" height=\"106\" src=\"https:\/\/churchofchrist-eglisedechrist.fr\/wp-content\/uploads\/2020\/07\/Horizons-Chretiens-1981-n18-pdf-150x106.jpg\" class=\"attachment-thumbnail size-thumbnail\" alt=\"Horizons chretiens 1981 n18\" \/><\/a><\/td>\r\n<td>Horizons chretiens 1981 n18<\/td><\/tr><\/table><br \/><!-- \/divi:shortcode -->[\/et_pb_text][\/et_pb_column][\/et_pb_row][\/et_pb_section]<\/p>\n","protected":false},"excerpt":{"rendered":"<p>Horizons Chr\u00e9tiens est n\u00e9 dans les ann\u00e9es 1975 dans le but de redonner une direction spirituelle \u00e0 tous les chr\u00e9tiens qui prennent conscience de la confusion et des divisions qui r\u00e8gnent entre croyants. Le moyen pour l\u2019accomplir c&rsquo;est par la Bible. Cette direction spirituelle est clairement d\u00e9crite dans la Bible qui peut nous unir si [&hellip;]<\/p>\n","protected":false},"author":2,"featured_media":4624,"parent":1602,"menu_order":6,"comment_status":"closed","ping_status":"closed","template":"","meta":{"_acf_changed":false,"_et_pb_use_builder":"on","_et_pb_old_content":"<!-- wp:shortcode -->\n[mla_gallery]\nmla_style=table-style-docs\nmla_markup=table-markup-docs\npost_parent=all\npost_mime_type='application\/pdf'\nattachment_category=\"documents,exhortations,horizons-chretiens\"\ntax_operator=AND\ntax_include_children=false\ncolumns=1\n[\/mla_gallery]\n<!-- \/wp:shortcode -->","_et_gb_content_width":"","footnotes":"","_links_to":"","_links_to_target":""},"class_list":["post-4044","page","type-page","status-publish","has-post-thumbnail","hentry"],"acf":[],"yoast_head":"<!-- This site is optimized with the Yoast SEO plugin v27.6 - https:\/\/yoast.com\/product\/yoast-seo-wordpress\/ -->\n<title>Horizons chr\u00e9tiens - Eglise de Christ<\/title>\n<meta name=\"robots\" content=\"index, follow, max-snippet:-1, max-image-preview:large, max-video-preview:-1\" \/>\n<link rel=\"canonical\" href=\"https:\/\/churchofchrist-eglisedechrist.fr\/en\/exhortations\/horizons-chretiens\/\" \/>\n<meta property=\"og:locale\" content=\"en_US\" \/>\n<meta property=\"og:type\" content=\"article\" \/>\n<meta property=\"og:title\" content=\"Horizons chr\u00e9tiens - Eglise de Christ\" \/>\n<meta property=\"og:description\" content=\"Horizons Chr\u00e9tiens est n\u00e9 dans les ann\u00e9es 1975 dans le but de redonner une direction spirituelle \u00e0 tous les chr\u00e9tiens qui prennent conscience de la confusion et des divisions qui r\u00e8gnent entre croyants. Le moyen pour l\u2019accomplir c&#039;est par la Bible. Cette direction spirituelle est clairement d\u00e9crite dans la Bible qui peut nous unir si [&hellip;]\" \/>\n<meta property=\"og:url\" content=\"https:\/\/churchofchrist-eglisedechrist.fr\/en\/exhortations\/horizons-chretiens\/\" \/>\n<meta property=\"og:site_name\" content=\"Eglise de Christ\" \/>\n<meta property=\"article:modified_time\" content=\"2025-04-05T11:15:02+00:00\" \/>\n<meta property=\"og:image\" content=\"https:\/\/churchofchrist-eglisedechrist.fr\/wp-content\/uploads\/2025\/03\/daniel-morris-8PMmA33Uvt8-unsplash.jpg\" \/>\n\t<meta property=\"og:image:width\" content=\"1920\" \/>\n\t<meta property=\"og:image:height\" content=\"1280\" \/>\n\t<meta property=\"og:image:type\" content=\"image\/jpeg\" \/>\n<meta name=\"twitter:card\" content=\"summary_large_image\" \/>\n<meta name=\"twitter:label1\" content=\"Est. reading time\" \/>\n\t<meta name=\"twitter:data1\" content=\"6 minutes\" \/>\n<script type=\"application\/ld+json\" class=\"yoast-schema-graph\">{\"@context\":\"https:\\\/\\\/schema.org\",\"@graph\":[{\"@type\":\"WebPage\",\"@id\":\"https:\\\/\\\/churchofchrist-eglisedechrist.fr\\\/en\\\/exhortations\\\/horizons-chretiens\\\/\",\"url\":\"https:\\\/\\\/churchofchrist-eglisedechrist.fr\\\/en\\\/exhortations\\\/horizons-chretiens\\\/\",\"name\":\"Horizons chr\u00e9tiens - Eglise de Christ\",\"isPartOf\":{\"@id\":\"https:\\\/\\\/churchofchrist-eglisedechrist.fr\\\/#website\"},\"primaryImageOfPage\":{\"@id\":\"https:\\\/\\\/churchofchrist-eglisedechrist.fr\\\/en\\\/exhortations\\\/horizons-chretiens\\\/#primaryimage\"},\"image\":{\"@id\":\"https:\\\/\\\/churchofchrist-eglisedechrist.fr\\\/en\\\/exhortations\\\/horizons-chretiens\\\/#primaryimage\"},\"thumbnailUrl\":\"https:\\\/\\\/churchofchrist-eglisedechrist.fr\\\/wp-content\\\/uploads\\\/2025\\\/03\\\/daniel-morris-8PMmA33Uvt8-unsplash.jpg\",\"datePublished\":\"2020-07-29T21:10:01+00:00\",\"dateModified\":\"2025-04-05T11:15:02+00:00\",\"breadcrumb\":{\"@id\":\"https:\\\/\\\/churchofchrist-eglisedechrist.fr\\\/en\\\/exhortations\\\/horizons-chretiens\\\/#breadcrumb\"},\"inLanguage\":\"en-US\",\"potentialAction\":[{\"@type\":\"ReadAction\",\"target\":[\"https:\\\/\\\/churchofchrist-eglisedechrist.fr\\\/en\\\/exhortations\\\/horizons-chretiens\\\/\"]}]},{\"@type\":\"ImageObject\",\"inLanguage\":\"en-US\",\"@id\":\"https:\\\/\\\/churchofchrist-eglisedechrist.fr\\\/en\\\/exhortations\\\/horizons-chretiens\\\/#primaryimage\",\"url\":\"https:\\\/\\\/churchofchrist-eglisedechrist.fr\\\/wp-content\\\/uploads\\\/2025\\\/03\\\/daniel-morris-8PMmA33Uvt8-unsplash.jpg\",\"contentUrl\":\"https:\\\/\\\/churchofchrist-eglisedechrist.fr\\\/wp-content\\\/uploads\\\/2025\\\/03\\\/daniel-morris-8PMmA33Uvt8-unsplash.jpg\",\"width\":1920,\"height\":1280,\"caption\":\"daniel morris 8PMmA33Uvt8 unsplash\"},{\"@type\":\"BreadcrumbList\",\"@id\":\"https:\\\/\\\/churchofchrist-eglisedechrist.fr\\\/en\\\/exhortations\\\/horizons-chretiens\\\/#breadcrumb\",\"itemListElement\":[{\"@type\":\"ListItem\",\"position\":1,\"name\":\"Accueil\",\"item\":\"https:\\\/\\\/churchofchrist-eglisedechrist.fr\\\/\"},{\"@type\":\"ListItem\",\"position\":2,\"name\":\"Exhortations\",\"item\":\"https:\\\/\\\/churchofchrist-eglisedechrist.fr\\\/en\\\/exhortations\\\/\"},{\"@type\":\"ListItem\",\"position\":3,\"name\":\"Horizons chr\u00e9tiens\"}]},{\"@type\":\"WebSite\",\"@id\":\"https:\\\/\\\/churchofchrist-eglisedechrist.fr\\\/#website\",\"url\":\"https:\\\/\\\/churchofchrist-eglisedechrist.fr\\\/\",\"name\":\"Eglise de Christ\",\"description\":\"Paris, France\",\"potentialAction\":[{\"@type\":\"SearchAction\",\"target\":{\"@type\":\"EntryPoint\",\"urlTemplate\":\"https:\\\/\\\/churchofchrist-eglisedechrist.fr\\\/?s={search_term_string}\"},\"query-input\":{\"@type\":\"PropertyValueSpecification\",\"valueRequired\":true,\"valueName\":\"search_term_string\"}}],\"inLanguage\":\"en-US\"}]}<\/script>\n<!-- \/ Yoast SEO plugin. -->","yoast_head_json":{"title":"Horizons chr\u00e9tiens - Eglise de Christ","robots":{"index":"index","follow":"follow","max-snippet":"max-snippet:-1","max-image-preview":"max-image-preview:large","max-video-preview":"max-video-preview:-1"},"canonical":"https:\/\/churchofchrist-eglisedechrist.fr\/en\/exhortations\/horizons-chretiens\/","og_locale":"en_US","og_type":"article","og_title":"Horizons chr\u00e9tiens - Eglise de Christ","og_description":"Horizons Chr\u00e9tiens est n\u00e9 dans les ann\u00e9es 1975 dans le but de redonner une direction spirituelle \u00e0 tous les chr\u00e9tiens qui prennent conscience de la confusion et des divisions qui r\u00e8gnent entre croyants. Le moyen pour l\u2019accomplir c'est par la Bible. Cette direction spirituelle est clairement d\u00e9crite dans la Bible qui peut nous unir si [&hellip;]","og_url":"https:\/\/churchofchrist-eglisedechrist.fr\/en\/exhortations\/horizons-chretiens\/","og_site_name":"Eglise de Christ","article_modified_time":"2025-04-05T11:15:02+00:00","og_image":[{"width":1920,"height":1280,"url":"https:\/\/churchofchrist-eglisedechrist.fr\/wp-content\/uploads\/2025\/03\/daniel-morris-8PMmA33Uvt8-unsplash.jpg","type":"image\/jpeg"}],"twitter_card":"summary_large_image","twitter_misc":{"Est. reading time":"6 minutes"},"schema":{"@context":"https:\/\/schema.org","@graph":[{"@type":"WebPage","@id":"https:\/\/churchofchrist-eglisedechrist.fr\/en\/exhortations\/horizons-chretiens\/","url":"https:\/\/churchofchrist-eglisedechrist.fr\/en\/exhortations\/horizons-chretiens\/","name":"Horizons chr\u00e9tiens - Eglise de Christ","isPartOf":{"@id":"https:\/\/churchofchrist-eglisedechrist.fr\/#website"},"primaryImageOfPage":{"@id":"https:\/\/churchofchrist-eglisedechrist.fr\/en\/exhortations\/horizons-chretiens\/#primaryimage"},"image":{"@id":"https:\/\/churchofchrist-eglisedechrist.fr\/en\/exhortations\/horizons-chretiens\/#primaryimage"},"thumbnailUrl":"https:\/\/churchofchrist-eglisedechrist.fr\/wp-content\/uploads\/2025\/03\/daniel-morris-8PMmA33Uvt8-unsplash.jpg","datePublished":"2020-07-29T21:10:01+00:00","dateModified":"2025-04-05T11:15:02+00:00","breadcrumb":{"@id":"https:\/\/churchofchrist-eglisedechrist.fr\/en\/exhortations\/horizons-chretiens\/#breadcrumb"},"inLanguage":"en-US","potentialAction":[{"@type":"ReadAction","target":["https:\/\/churchofchrist-eglisedechrist.fr\/en\/exhortations\/horizons-chretiens\/"]}]},{"@type":"ImageObject","inLanguage":"en-US","@id":"https:\/\/churchofchrist-eglisedechrist.fr\/en\/exhortations\/horizons-chretiens\/#primaryimage","url":"https:\/\/churchofchrist-eglisedechrist.fr\/wp-content\/uploads\/2025\/03\/daniel-morris-8PMmA33Uvt8-unsplash.jpg","contentUrl":"https:\/\/churchofchrist-eglisedechrist.fr\/wp-content\/uploads\/2025\/03\/daniel-morris-8PMmA33Uvt8-unsplash.jpg","width":1920,"height":1280,"caption":"daniel morris 8PMmA33Uvt8 unsplash"},{"@type":"BreadcrumbList","@id":"https:\/\/churchofchrist-eglisedechrist.fr\/en\/exhortations\/horizons-chretiens\/#breadcrumb","itemListElement":[{"@type":"ListItem","position":1,"name":"Accueil","item":"https:\/\/churchofchrist-eglisedechrist.fr\/"},{"@type":"ListItem","position":2,"name":"Exhortations","item":"https:\/\/churchofchrist-eglisedechrist.fr\/en\/exhortations\/"},{"@type":"ListItem","position":3,"name":"Horizons chr\u00e9tiens"}]},{"@type":"WebSite","@id":"https:\/\/churchofchrist-eglisedechrist.fr\/#website","url":"https:\/\/churchofchrist-eglisedechrist.fr\/","name":"Eglise de Christ","description":"Paris, France","potentialAction":[{"@type":"SearchAction","target":{"@type":"EntryPoint","urlTemplate":"https:\/\/churchofchrist-eglisedechrist.fr\/?s={search_term_string}"},"query-input":{"@type":"PropertyValueSpecification","valueRequired":true,"valueName":"search_term_string"}}],"inLanguage":"en-US"}]}},"_links":{"self":[{"href":"https:\/\/churchofchrist-eglisedechrist.fr\/en\/wp-json\/wp\/v2\/pages\/4044","targetHints":{"allow":["GET"]}}],"collection":[{"href":"https:\/\/churchofchrist-eglisedechrist.fr\/en\/wp-json\/wp\/v2\/pages"}],"about":[{"href":"https:\/\/churchofchrist-eglisedechrist.fr\/en\/wp-json\/wp\/v2\/types\/page"}],"author":[{"embeddable":true,"href":"https:\/\/churchofchrist-eglisedechrist.fr\/en\/wp-json\/wp\/v2\/users\/2"}],"replies":[{"embeddable":true,"href":"https:\/\/churchofchrist-eglisedechrist.fr\/en\/wp-json\/wp\/v2\/comments?post=4044"}],"version-history":[{"count":12,"href":"https:\/\/churchofchrist-eglisedechrist.fr\/en\/wp-json\/wp\/v2\/pages\/4044\/revisions"}],"predecessor-version":[{"id":5015,"href":"https:\/\/churchofchrist-eglisedechrist.fr\/en\/wp-json\/wp\/v2\/pages\/4044\/revisions\/5015"}],"up":[{"embeddable":true,"href":"https:\/\/churchofchrist-eglisedechrist.fr\/en\/wp-json\/wp\/v2\/pages\/1602"}],"wp:featuredmedia":[{"embeddable":true,"href":"https:\/\/churchofchrist-eglisedechrist.fr\/en\/wp-json\/wp\/v2\/media\/4624"}],"wp:attachment":[{"href":"https:\/\/churchofchrist-eglisedechrist.fr\/en\/wp-json\/wp\/v2\/media?parent=4044"}],"curies":[{"name":"wp","href":"https:\/\/api.w.org\/{rel}","templated":true}]}}