{"id":1647,"date":"2019-12-08T23:16:08","date_gmt":"2019-12-08T22:16:08","guid":{"rendered":"https:\/\/churchofchrist-eglisedechrist.fr\/?page_id=1647"},"modified":"2025-03-31T13:03:23","modified_gmt":"2025-03-31T11:03:23","slug":"nous-trouver","status":"publish","type":"page","link":"https:\/\/churchofchrist-eglisedechrist.fr\/en\/informations\/nous-trouver\/","title":{"rendered":"Find us"},"content":{"rendered":"[et_pb_section fb_built=\u00a0\u00bb1&Prime; admin_label=\u00a0\u00bbsection\u00a0\u00bb _builder_version=\u00a0\u00bb4.27.4&Prime; custom_margin=\u00a0\u00bb||0px||false|false\u00a0\u00bb custom_padding=\u00a0\u00bb||0px||false|false\u00a0\u00bb global_colors_info=\u00a0\u00bb{}\u00a0\u00bb][et_pb_row admin_label=\u00a0\u00bbrow\u00a0\u00bb _builder_version=\u00a0\u00bb4.27.4&Prime; background_size=\u00a0\u00bbinitial\u00a0\u00bb background_position=\u00a0\u00bbtop_left\u00a0\u00bb background_repeat=\u00a0\u00bbrepeat\u00a0\u00bb custom_margin=\u00a0\u00bb||0px||false|false\u00a0\u00bb custom_padding=\u00a0\u00bb||0px||false|false\u00a0\u00bb global_colors_info=\u00a0\u00bb{}\u00a0\u00bb][et_pb_column type=\u00a0\u00bb4_4&Prime; _builder_version=\u00a0\u00bb4.16&Prime; custom_padding=\u00a0\u00bb|||\u00a0\u00bb global_colors_info=\u00a0\u00bb{}\u00a0\u00bb custom_padding__hover=\u00a0\u00bb|||\u00a0\u00bb][et_pb_text admin_label=\u00a0\u00bbText\u00a0\u00bb _builder_version=\u00a0\u00bb4.27.4&Prime; background_size=\u00a0\u00bbinitial\u00a0\u00bb background_position=\u00a0\u00bbtop_left\u00a0\u00bb background_repeat=\u00a0\u00bbrepeat\u00a0\u00bb global_colors_info=\u00a0\u00bb{}\u00a0\u00bb]<p>\u00a0 \u00a0<\/p>\n<h2 class=\"wp-block-heading\">R\u00e9unions<\/h2>\n<p><\/p>\n<p><strong>Dimanche<\/strong><br \/>Classe Biblique 9h30\u00a0<br \/>Culte 10h30\u00a0<\/p>\n<p>\u00a0Nous nous r\u00e9unissons actuellement \u00e0 :\u00a0<\/p>\n<p>Espace Friends Montparnasse<br \/>383bis Rue de Vaugirard, 75015 Paris<\/p>\n<p>400 m &#8211; M\u00e9tro Ligne 12 &amp; Tram 2 et 3a porte de Versailles<br \/>300 m &#8211; M\u00e9tro 12 convention<br \/>400 m &#8211; Parking<\/p>\n<p>Acc\u00e8s : Acc\u00e8s par la porte principale, la porte est sur la rue principale (Rue de Vaugirard) et derri\u00e8re l\u2019arr\u00eat du bus (H\u00f4pital de Vaugirard)<\/p>\n<p><a href=\"https:\/\/churchofchrist-eglisedechrist.fr\/wp-content\/uploads\/2025\/03\/access-salle.pdf\" target=\"_blank\" rel=\"noopener\">Plus d&rsquo;informations sur le lieu<\/a>\u00a0<\/p>\n<p><\/p>[\/et_pb_text][\/et_pb_column][\/et_pb_row][\/et_pb_section][et_pb_section fb_built=\u00a0\u00bb1&Prime; fullwidth=\u00a0\u00bbon\u00a0\u00bb _builder_version=\u00a0\u00bb4.27.4&Prime; _module_preset=\u00a0\u00bbdefault\u00a0\u00bb global_colors_info=\u00a0\u00bb{}\u00a0\u00bb][et_pb_fullwidth_code _builder_version=\u00a0\u00bb4.27.4&Prime; _module_preset=\u00a0\u00bbdefault\u00a0\u00bb global_colors_info=\u00a0\u00bb{}\u00a0\u00bb]<iframe src=\"https:\/\/www.google.com\/maps\/embed?pb=!1m18!1m12!1m3!1d2626.1875800176213!2d2.2904659766267352!3d48.8355606023126!2m3!1f0!2f0!3f0!3m2!1i1024!2i768!4f13.1!3m3!1m2!1s0x47e6706b6917307b%3A0x3c3a6ab5254fd3e6!2sFriends%20Vaugirard%20%5BLocation%20Salle%20Paris%2C%20Anniversaire%2C%20Cocktail%2C%20R%C3%A9union%20De%20Famille%5D!5e0!3m2!1sen!2sfr!4v1743352579241!5m2!1sen!2sfr\" width=\"1920\" height=\"450\" style=\"border:0;\" allowfullscreen=\"\" loading=\"lazy\" referrerpolicy=\"no-referrer-when-downgrade\"><\/iframe>[\/et_pb_fullwidth_code][\/et_pb_section]","protected":false},"excerpt":{"rendered":"<p>\u00a0 \u00a0 R\u00e9unions DimancheClasse Biblique 9h30\u00a0Culte 10h30\u00a0 \u00a0Nous nous r\u00e9unissons actuellement \u00e0 :\u00a0 Espace Friends Montparnasse383bis Rue de Vaugirard, 75015 Paris 400 m &#8211; M\u00e9tro Ligne 12 &amp; Tram 2 et 3a porte de Versailles300 m &#8211; M\u00e9tro 12 convention400 m &#8211; Parking Acc\u00e8s : Acc\u00e8s par la porte principale, la porte est sur la [&hellip;]<\/p>\n","protected":false},"author":2,"featured_media":4667,"parent":4817,"menu_order":2,"comment_status":"closed","ping_status":"closed","template":"","meta":{"_acf_changed":false,"_et_pb_use_builder":"on","_et_pb_old_content":"<!-- wp:heading -->\r\n<h2>R\u00e9unions<\/h2>\r\n<!-- \/wp:heading -->\r\n\r\n<!-- wp:paragraph -->\r\n<p><strong>Dimanche<\/strong><br>Classe Biblique (tous \u00e2ges) 10h00<br>Culte 11h00<\/p>\r\n<!-- \/wp:paragraph -->\r\n\r\n<!-- wp:paragraph -->\r\n<p>Culte en\u00a0<a href=\"http:\/\/churchofchrist-paris-twi.weebly.com\/\">Twi<\/a>\u00a014h00-16h00<\/p>\r\n<!-- \/wp:paragraph -->\r\n\r\n<!-- wp:paragraph -->\r\n<p>English Bible Class 17h00<br>English Worship 18h00<\/p>\r\n<!-- \/wp:paragraph -->\r\n\r\n<!-- wp:paragraph -->\r\n<p>Deuxi\u00e8me dimanche du mois: repas fraternel pour le groupe du soir<br>Dernier dimanche du mois : repas fraternel<\/p>\r\n<!-- \/wp:paragraph -->\r\n\r\n<!-- wp:paragraph -->\r\n<p><strong>Mercredi<\/strong><br>Classe Biblique: 18h30<\/p>\r\n<!-- \/wp:paragraph -->\r\n\r\n<!-- wp:paragraph -->\r\n<p><strong>Samedi<\/strong><br>Chaque premier samedi du mois, r\u00e9union de pri\u00e8re \u00e0 15h00<br>Chorale: 16h30<\/p>\r\n<!-- \/wp:paragraph -->\r\n\r\n<!-- wp:heading -->\r\n<h2>Ev\u00e9nements et conf\u00e9rences<\/h2>\r\n<!-- \/wp:heading -->","_et_gb_content_width":"","footnotes":"","_links_to":"","_links_to_target":""},"class_list":["post-1647","page","type-page","status-publish","has-post-thumbnail","hentry"],"acf":[],"yoast_head":"<!-- This site is optimized with the Yoast SEO plugin v27.6 - https:\/\/yoast.com\/product\/yoast-seo-wordpress\/ -->\n<title>Nous trouver - Eglise de Christ<\/title>\n<meta name=\"robots\" content=\"index, follow, max-snippet:-1, max-image-preview:large, max-video-preview:-1\" \/>\n<link rel=\"canonical\" href=\"https:\/\/churchofchrist-eglisedechrist.fr\/en\/informations\/nous-trouver\/\" \/>\n<meta property=\"og:locale\" content=\"en_US\" \/>\n<meta property=\"og:type\" content=\"article\" \/>\n<meta property=\"og:title\" content=\"Nous trouver - Eglise de Christ\" \/>\n<meta property=\"og:description\" content=\"\u00a0 \u00a0 R\u00e9unions DimancheClasse Biblique 9h30\u00a0Culte 10h30\u00a0 \u00a0Nous nous r\u00e9unissons actuellement \u00e0 :\u00a0 Espace Friends Montparnasse383bis Rue de Vaugirard, 75015 Paris 400 m - M\u00e9tro Ligne 12 &amp; Tram 2 et 3a porte de Versailles300 m - M\u00e9tro 12 convention400 m - Parking Acc\u00e8s : Acc\u00e8s par la porte principale, la porte est sur la [&hellip;]\" \/>\n<meta property=\"og:url\" content=\"https:\/\/churchofchrist-eglisedechrist.fr\/en\/informations\/nous-trouver\/\" \/>\n<meta property=\"og:site_name\" content=\"Eglise de Christ\" \/>\n<meta property=\"article:modified_time\" content=\"2025-03-31T11:03:23+00:00\" \/>\n<meta property=\"og:image\" content=\"https:\/\/churchofchrist-eglisedechrist.fr\/wp-content\/uploads\/2025\/03\/sincerely-media-dGxOgeXAXm8-unsplash.jpg\" \/>\n\t<meta property=\"og:image:width\" content=\"1920\" \/>\n\t<meta property=\"og:image:height\" content=\"1280\" \/>\n\t<meta property=\"og:image:type\" content=\"image\/jpeg\" \/>\n<meta name=\"twitter:card\" content=\"summary_large_image\" \/>\n<meta name=\"twitter:label1\" content=\"Est. reading time\" \/>\n\t<meta name=\"twitter:data1\" content=\"1 minute\" \/>\n<script type=\"application\/ld+json\" class=\"yoast-schema-graph\">{\"@context\":\"https:\\\/\\\/schema.org\",\"@graph\":[{\"@type\":\"WebPage\",\"@id\":\"https:\\\/\\\/churchofchrist-eglisedechrist.fr\\\/informations\\\/nous-trouver\\\/\",\"url\":\"https:\\\/\\\/churchofchrist-eglisedechrist.fr\\\/informations\\\/nous-trouver\\\/\",\"name\":\"Nous trouver - Eglise de Christ\",\"isPartOf\":{\"@id\":\"https:\\\/\\\/churchofchrist-eglisedechrist.fr\\\/#website\"},\"primaryImageOfPage\":{\"@id\":\"https:\\\/\\\/churchofchrist-eglisedechrist.fr\\\/informations\\\/nous-trouver\\\/#primaryimage\"},\"image\":{\"@id\":\"https:\\\/\\\/churchofchrist-eglisedechrist.fr\\\/informations\\\/nous-trouver\\\/#primaryimage\"},\"thumbnailUrl\":\"https:\\\/\\\/churchofchrist-eglisedechrist.fr\\\/wp-content\\\/uploads\\\/2025\\\/03\\\/sincerely-media-dGxOgeXAXm8-unsplash.jpg\",\"datePublished\":\"2019-12-08T22:16:08+00:00\",\"dateModified\":\"2025-03-31T11:03:23+00:00\",\"breadcrumb\":{\"@id\":\"https:\\\/\\\/churchofchrist-eglisedechrist.fr\\\/informations\\\/nous-trouver\\\/#breadcrumb\"},\"inLanguage\":\"en-US\",\"potentialAction\":[{\"@type\":\"ReadAction\",\"target\":[\"https:\\\/\\\/churchofchrist-eglisedechrist.fr\\\/informations\\\/nous-trouver\\\/\"]}]},{\"@type\":\"ImageObject\",\"inLanguage\":\"en-US\",\"@id\":\"https:\\\/\\\/churchofchrist-eglisedechrist.fr\\\/informations\\\/nous-trouver\\\/#primaryimage\",\"url\":\"https:\\\/\\\/churchofchrist-eglisedechrist.fr\\\/wp-content\\\/uploads\\\/2025\\\/03\\\/sincerely-media-dGxOgeXAXm8-unsplash.jpg\",\"contentUrl\":\"https:\\\/\\\/churchofchrist-eglisedechrist.fr\\\/wp-content\\\/uploads\\\/2025\\\/03\\\/sincerely-media-dGxOgeXAXm8-unsplash.jpg\",\"width\":1920,\"height\":1280,\"caption\":\"Sincerely media dgxogexaxm8 unsplash\"},{\"@type\":\"BreadcrumbList\",\"@id\":\"https:\\\/\\\/churchofchrist-eglisedechrist.fr\\\/informations\\\/nous-trouver\\\/#breadcrumb\",\"itemListElement\":[{\"@type\":\"ListItem\",\"position\":1,\"name\":\"Accueil\",\"item\":\"https:\\\/\\\/churchofchrist-eglisedechrist.fr\\\/\"},{\"@type\":\"ListItem\",\"position\":2,\"name\":\"Informations\",\"item\":\"https:\\\/\\\/churchofchrist-eglisedechrist.fr\\\/informations\\\/\"},{\"@type\":\"ListItem\",\"position\":3,\"name\":\"Nous trouver\"}]},{\"@type\":\"WebSite\",\"@id\":\"https:\\\/\\\/churchofchrist-eglisedechrist.fr\\\/#website\",\"url\":\"https:\\\/\\\/churchofchrist-eglisedechrist.fr\\\/\",\"name\":\"Eglise de Christ\",\"description\":\"Paris, France\",\"potentialAction\":[{\"@type\":\"SearchAction\",\"target\":{\"@type\":\"EntryPoint\",\"urlTemplate\":\"https:\\\/\\\/churchofchrist-eglisedechrist.fr\\\/?s={search_term_string}\"},\"query-input\":{\"@type\":\"PropertyValueSpecification\",\"valueRequired\":true,\"valueName\":\"search_term_string\"}}],\"inLanguage\":\"en-US\"}]}<\/script>\n<!-- \/ Yoast SEO plugin. -->","yoast_head_json":{"title":"Nous trouver - Eglise de Christ","robots":{"index":"index","follow":"follow","max-snippet":"max-snippet:-1","max-image-preview":"max-image-preview:large","max-video-preview":"max-video-preview:-1"},"canonical":"https:\/\/churchofchrist-eglisedechrist.fr\/en\/informations\/nous-trouver\/","og_locale":"en_US","og_type":"article","og_title":"Nous trouver - Eglise de Christ","og_description":"\u00a0 \u00a0 R\u00e9unions DimancheClasse Biblique 9h30\u00a0Culte 10h30\u00a0 \u00a0Nous nous r\u00e9unissons actuellement \u00e0 :\u00a0 Espace Friends Montparnasse383bis Rue de Vaugirard, 75015 Paris 400 m - M\u00e9tro Ligne 12 &amp; Tram 2 et 3a porte de Versailles300 m - M\u00e9tro 12 convention400 m - Parking Acc\u00e8s : Acc\u00e8s par la porte principale, la porte est sur la [&hellip;]","og_url":"https:\/\/churchofchrist-eglisedechrist.fr\/en\/informations\/nous-trouver\/","og_site_name":"Eglise de Christ","article_modified_time":"2025-03-31T11:03:23+00:00","og_image":[{"width":1920,"height":1280,"url":"https:\/\/churchofchrist-eglisedechrist.fr\/wp-content\/uploads\/2025\/03\/sincerely-media-dGxOgeXAXm8-unsplash.jpg","type":"image\/jpeg"}],"twitter_card":"summary_large_image","twitter_misc":{"Est. reading time":"1 minute"},"schema":{"@context":"https:\/\/schema.org","@graph":[{"@type":"WebPage","@id":"https:\/\/churchofchrist-eglisedechrist.fr\/informations\/nous-trouver\/","url":"https:\/\/churchofchrist-eglisedechrist.fr\/informations\/nous-trouver\/","name":"Nous trouver - Eglise de Christ","isPartOf":{"@id":"https:\/\/churchofchrist-eglisedechrist.fr\/#website"},"primaryImageOfPage":{"@id":"https:\/\/churchofchrist-eglisedechrist.fr\/informations\/nous-trouver\/#primaryimage"},"image":{"@id":"https:\/\/churchofchrist-eglisedechrist.fr\/informations\/nous-trouver\/#primaryimage"},"thumbnailUrl":"https:\/\/churchofchrist-eglisedechrist.fr\/wp-content\/uploads\/2025\/03\/sincerely-media-dGxOgeXAXm8-unsplash.jpg","datePublished":"2019-12-08T22:16:08+00:00","dateModified":"2025-03-31T11:03:23+00:00","breadcrumb":{"@id":"https:\/\/churchofchrist-eglisedechrist.fr\/informations\/nous-trouver\/#breadcrumb"},"inLanguage":"en-US","potentialAction":[{"@type":"ReadAction","target":["https:\/\/churchofchrist-eglisedechrist.fr\/informations\/nous-trouver\/"]}]},{"@type":"ImageObject","inLanguage":"en-US","@id":"https:\/\/churchofchrist-eglisedechrist.fr\/informations\/nous-trouver\/#primaryimage","url":"https:\/\/churchofchrist-eglisedechrist.fr\/wp-content\/uploads\/2025\/03\/sincerely-media-dGxOgeXAXm8-unsplash.jpg","contentUrl":"https:\/\/churchofchrist-eglisedechrist.fr\/wp-content\/uploads\/2025\/03\/sincerely-media-dGxOgeXAXm8-unsplash.jpg","width":1920,"height":1280,"caption":"Sincerely media dgxogexaxm8 unsplash"},{"@type":"BreadcrumbList","@id":"https:\/\/churchofchrist-eglisedechrist.fr\/informations\/nous-trouver\/#breadcrumb","itemListElement":[{"@type":"ListItem","position":1,"name":"Accueil","item":"https:\/\/churchofchrist-eglisedechrist.fr\/"},{"@type":"ListItem","position":2,"name":"Informations","item":"https:\/\/churchofchrist-eglisedechrist.fr\/informations\/"},{"@type":"ListItem","position":3,"name":"Nous trouver"}]},{"@type":"WebSite","@id":"https:\/\/churchofchrist-eglisedechrist.fr\/#website","url":"https:\/\/churchofchrist-eglisedechrist.fr\/","name":"Eglise de Christ","description":"Paris, France","potentialAction":[{"@type":"SearchAction","target":{"@type":"EntryPoint","urlTemplate":"https:\/\/churchofchrist-eglisedechrist.fr\/?s={search_term_string}"},"query-input":{"@type":"PropertyValueSpecification","valueRequired":true,"valueName":"search_term_string"}}],"inLanguage":"en-US"}]}},"_links":{"self":[{"href":"https:\/\/churchofchrist-eglisedechrist.fr\/en\/wp-json\/wp\/v2\/pages\/1647","targetHints":{"allow":["GET"]}}],"collection":[{"href":"https:\/\/churchofchrist-eglisedechrist.fr\/en\/wp-json\/wp\/v2\/pages"}],"about":[{"href":"https:\/\/churchofchrist-eglisedechrist.fr\/en\/wp-json\/wp\/v2\/types\/page"}],"author":[{"embeddable":true,"href":"https:\/\/churchofchrist-eglisedechrist.fr\/en\/wp-json\/wp\/v2\/users\/2"}],"replies":[{"embeddable":true,"href":"https:\/\/churchofchrist-eglisedechrist.fr\/en\/wp-json\/wp\/v2\/comments?post=1647"}],"version-history":[{"count":15,"href":"https:\/\/churchofchrist-eglisedechrist.fr\/en\/wp-json\/wp\/v2\/pages\/1647\/revisions"}],"predecessor-version":[{"id":4735,"href":"https:\/\/churchofchrist-eglisedechrist.fr\/en\/wp-json\/wp\/v2\/pages\/1647\/revisions\/4735"}],"up":[{"embeddable":true,"href":"https:\/\/churchofchrist-eglisedechrist.fr\/en\/wp-json\/wp\/v2\/pages\/4817"}],"wp:featuredmedia":[{"embeddable":true,"href":"https:\/\/churchofchrist-eglisedechrist.fr\/en\/wp-json\/wp\/v2\/media\/4667"}],"wp:attachment":[{"href":"https:\/\/churchofchrist-eglisedechrist.fr\/en\/wp-json\/wp\/v2\/media?parent=1647"}],"curies":[{"name":"wp","href":"https:\/\/api.w.org\/{rel}","templated":true}]}}