{"id":1628,"date":"2019-12-05T22:45:49","date_gmt":"2019-12-05T21:45:49","guid":{"rendered":"https:\/\/churchofchrist-eglisedechrist.fr\/?page_id=1628"},"modified":"2026-04-23T14:06:22","modified_gmt":"2026-04-23T12:06:22","slug":"nous-contacter","status":"publish","type":"page","link":"https:\/\/churchofchrist-eglisedechrist.fr\/en\/nous-contacter\/","title":{"rendered":"Contact us"},"content":{"rendered":"<p>[et_pb_section fb_built=\u00a0\u00bb1&Prime; _builder_version=\u00a0\u00bb4.16&Prime; global_colors_info=\u00a0\u00bb{}\u00a0\u00bb][et_pb_row column_structure=\u00a0\u00bb2_3,1_3&Prime; _builder_version=\u00a0\u00bb4.16&Prime; background_size=\u00a0\u00bbinitial\u00a0\u00bb background_position=\u00a0\u00bbtop_left\u00a0\u00bb background_repeat=\u00a0\u00bbrepeat\u00a0\u00bb global_colors_info=\u00a0\u00bb{}\u00a0\u00bb][et_pb_column type=\u00a0\u00bb2_3&Prime; _builder_version=\u00a0\u00bb4.16&Prime; custom_padding=\u00a0\u00bb|||\u00a0\u00bb global_colors_info=\u00a0\u00bb{}\u00a0\u00bb custom_padding__hover=\u00a0\u00bb|||\u00a0\u00bb][et_pb_text _builder_version=\u00a0\u00bb4.27.4&Prime; _module_preset=\u00a0\u00bbdefault\u00a0\u00bb global_colors_info=\u00a0\u00bb{}\u00a0\u00bb]<\/p>\n<p>Nous nous r\u00e9unissons par Zoom en ligne ou ponctuellement chez des membres de l&rsquo;assembl\u00e9e. Contactez-nous pour plus d&rsquo;informations.<\/p>\n<p>[\/et_pb_text][et_pb_contact_form captcha=\u00a0\u00bboff\u00a0\u00bb title=\u00a0\u00bbNous contacter\u00a0\u00bb success_message=\u00a0\u00bbMerci pour votre message\u00a0\u00bb submit_button_text=\u00a0\u00bbEnvoyer\u00a0\u00bb module_id=\u00a0\u00bbet_pb_contact_form_0&Prime; _builder_version=\u00a0\u00bb4.16&Prime; _unique_id=\u00a0\u00bb79a3ce60-aef1-44da-b9a6-4438e51d0448&Prime; form_field_background_color=\u00a0\u00bb#f7f7f7&Prime; form_field_font=\u00a0\u00bb||||||||\u00a0\u00bb form_background_color=\u00a0\u00bb#f7f7f7&Prime; global_colors_info=\u00a0\u00bb{}\u00a0\u00bb][et_pb_contact_field field_id=\u00a0\u00bbName\u00a0\u00bb field_title=\u00a0\u00bbNom\u00a0\u00bb _builder_version=\u00a0\u00bb4.16&Prime; form_field_font=\u00a0\u00bb||||||||\u00a0\u00bb global_colors_info=\u00a0\u00bb{}\u00a0\u00bb button_text_size__hover_enabled=\u00a0\u00bboff\u00a0\u00bb button_one_text_size__hover_enabled=\u00a0\u00bboff\u00a0\u00bb button_two_text_size__hover_enabled=\u00a0\u00bboff\u00a0\u00bb button_text_color__hover_enabled=\u00a0\u00bboff\u00a0\u00bb button_one_text_color__hover_enabled=\u00a0\u00bboff\u00a0\u00bb button_two_text_color__hover_enabled=\u00a0\u00bboff\u00a0\u00bb button_border_width__hover_enabled=\u00a0\u00bboff\u00a0\u00bb button_one_border_width__hover_enabled=\u00a0\u00bboff\u00a0\u00bb button_two_border_width__hover_enabled=\u00a0\u00bboff\u00a0\u00bb button_border_color__hover_enabled=\u00a0\u00bboff\u00a0\u00bb button_one_border_color__hover_enabled=\u00a0\u00bboff\u00a0\u00bb button_two_border_color__hover_enabled=\u00a0\u00bboff\u00a0\u00bb button_border_radius__hover_enabled=\u00a0\u00bboff\u00a0\u00bb button_one_border_radius__hover_enabled=\u00a0\u00bboff\u00a0\u00bb button_two_border_radius__hover_enabled=\u00a0\u00bboff\u00a0\u00bb button_letter_spacing__hover_enabled=\u00a0\u00bboff\u00a0\u00bb button_one_letter_spacing__hover_enabled=\u00a0\u00bboff\u00a0\u00bb button_two_letter_spacing__hover_enabled=\u00a0\u00bboff\u00a0\u00bb button_bg_color__hover_enabled=\u00a0\u00bboff\u00a0\u00bb button_one_bg_color__hover_enabled=\u00a0\u00bboff\u00a0\u00bb button_two_bg_color__hover_enabled=\u00a0\u00bboff\u00a0\u00bb][\/et_pb_contact_field][et_pb_contact_field field_id=\u00a0\u00bbEmail\u00a0\u00bb field_title=\u00a0\u00bbEmail\u00a0\u00bb field_type=\u00a0\u00bbemail\u00a0\u00bb _builder_version=\u00a0\u00bb4.16&Prime; global_colors_info=\u00a0\u00bb{}\u00a0\u00bb button_text_size__hover_enabled=\u00a0\u00bboff\u00a0\u00bb button_one_text_size__hover_enabled=\u00a0\u00bboff\u00a0\u00bb button_two_text_size__hover_enabled=\u00a0\u00bboff\u00a0\u00bb button_text_color__hover_enabled=\u00a0\u00bboff\u00a0\u00bb button_one_text_color__hover_enabled=\u00a0\u00bboff\u00a0\u00bb button_two_text_color__hover_enabled=\u00a0\u00bboff\u00a0\u00bb button_border_width__hover_enabled=\u00a0\u00bboff\u00a0\u00bb button_one_border_width__hover_enabled=\u00a0\u00bboff\u00a0\u00bb button_two_border_width__hover_enabled=\u00a0\u00bboff\u00a0\u00bb button_border_color__hover_enabled=\u00a0\u00bboff\u00a0\u00bb button_one_border_color__hover_enabled=\u00a0\u00bboff\u00a0\u00bb button_two_border_color__hover_enabled=\u00a0\u00bboff\u00a0\u00bb button_border_radius__hover_enabled=\u00a0\u00bboff\u00a0\u00bb button_one_border_radius__hover_enabled=\u00a0\u00bboff\u00a0\u00bb button_two_border_radius__hover_enabled=\u00a0\u00bboff\u00a0\u00bb button_letter_spacing__hover_enabled=\u00a0\u00bboff\u00a0\u00bb button_one_letter_spacing__hover_enabled=\u00a0\u00bboff\u00a0\u00bb button_two_letter_spacing__hover_enabled=\u00a0\u00bboff\u00a0\u00bb button_bg_color__hover_enabled=\u00a0\u00bboff\u00a0\u00bb button_one_bg_color__hover_enabled=\u00a0\u00bboff\u00a0\u00bb button_two_bg_color__hover_enabled=\u00a0\u00bboff\u00a0\u00bb][\/et_pb_contact_field][et_pb_contact_field field_id=\u00a0\u00bbMessage\u00a0\u00bb field_title=\u00a0\u00bbVotre message\u00a0\u00bb field_type=\u00a0\u00bbtext\u00a0\u00bb fullwidth_field=\u00a0\u00bbon\u00a0\u00bb _builder_version=\u00a0\u00bb4.16&Prime; global_colors_info=\u00a0\u00bb{}\u00a0\u00bb button_text_size__hover_enabled=\u00a0\u00bboff\u00a0\u00bb button_one_text_size__hover_enabled=\u00a0\u00bboff\u00a0\u00bb button_two_text_size__hover_enabled=\u00a0\u00bboff\u00a0\u00bb button_text_color__hover_enabled=\u00a0\u00bboff\u00a0\u00bb button_one_text_color__hover_enabled=\u00a0\u00bboff\u00a0\u00bb button_two_text_color__hover_enabled=\u00a0\u00bboff\u00a0\u00bb button_border_width__hover_enabled=\u00a0\u00bboff\u00a0\u00bb button_one_border_width__hover_enabled=\u00a0\u00bboff\u00a0\u00bb button_two_border_width__hover_enabled=\u00a0\u00bboff\u00a0\u00bb button_border_color__hover_enabled=\u00a0\u00bboff\u00a0\u00bb button_one_border_color__hover_enabled=\u00a0\u00bboff\u00a0\u00bb button_two_border_color__hover_enabled=\u00a0\u00bboff\u00a0\u00bb button_border_radius__hover_enabled=\u00a0\u00bboff\u00a0\u00bb button_one_border_radius__hover_enabled=\u00a0\u00bboff\u00a0\u00bb button_two_border_radius__hover_enabled=\u00a0\u00bboff\u00a0\u00bb button_letter_spacing__hover_enabled=\u00a0\u00bboff\u00a0\u00bb button_one_letter_spacing__hover_enabled=\u00a0\u00bboff\u00a0\u00bb button_two_letter_spacing__hover_enabled=\u00a0\u00bboff\u00a0\u00bb button_bg_color__hover_enabled=\u00a0\u00bboff\u00a0\u00bb button_one_bg_color__hover_enabled=\u00a0\u00bboff\u00a0\u00bb button_two_bg_color__hover_enabled=\u00a0\u00bboff\u00a0\u00bb][\/et_pb_contact_field][\/et_pb_contact_form][\/et_pb_column][et_pb_column type=\u00a0\u00bb1_3&Prime; _builder_version=\u00a0\u00bb4.16&Prime; custom_padding=\u00a0\u00bb|||\u00a0\u00bb global_colors_info=\u00a0\u00bb{}\u00a0\u00bb custom_padding__hover=\u00a0\u00bb|||\u00a0\u00bb][et_pb_text _builder_version=\u00a0\u00bb4.27.5&Prime; background_size=\u00a0\u00bbinitial\u00a0\u00bb background_position=\u00a0\u00bbtop_left\u00a0\u00bb background_repeat=\u00a0\u00bbrepeat\u00a0\u00bb hover_enabled=\u00a0\u00bb0&Prime; global_colors_info=\u00a0\u00bb{}\u00a0\u00bb sticky_enabled=\u00a0\u00bb0&Prime;]<\/p>\n<p>Par t\u00e9l\u00e9phone:<\/p>\n<ul>\n<li>07 44 47 87 47<\/li>\n<li>+1 302 867 6835<\/li>\n<\/ul>\n<p>[\/et_pb_text][\/et_pb_column][\/et_pb_row][\/et_pb_section]<\/p>\n","protected":false},"excerpt":{"rendered":"<p>Nous nous r\u00e9unissons par Zoom en ligne ou ponctuellement chez des membres de l&rsquo;assembl\u00e9e. Contactez-nous pour plus d&rsquo;informations.Par t\u00e9l\u00e9phone: 07 44 47 87 47 +1 302 867 6835<\/p>","protected":false},"author":2,"featured_media":4680,"parent":0,"menu_order":28,"comment_status":"closed","ping_status":"closed","template":"","meta":{"_acf_changed":false,"_et_pb_use_builder":"on","_et_pb_old_content":"","_et_gb_content_width":"","footnotes":"","_links_to":"","_links_to_target":""},"class_list":["post-1628","page","type-page","status-publish","has-post-thumbnail","hentry"],"acf":[],"yoast_head":"<!-- This site is optimized with the Yoast SEO plugin v27.6 - https:\/\/yoast.com\/product\/yoast-seo-wordpress\/ -->\n<title>Nous contacter - Eglise de Christ<\/title>\n<meta name=\"robots\" content=\"index, follow, max-snippet:-1, max-image-preview:large, max-video-preview:-1\" \/>\n<link rel=\"canonical\" href=\"https:\/\/churchofchrist-eglisedechrist.fr\/en\/nous-contacter\/\" \/>\n<meta property=\"og:locale\" content=\"en_US\" \/>\n<meta property=\"og:type\" content=\"article\" \/>\n<meta property=\"og:title\" content=\"Nous contacter - Eglise de Christ\" \/>\n<meta property=\"og:description\" content=\"Nous nous r\u00e9unissons par Zoom en ligne ou ponctuellement chez des membres de l&#039;assembl\u00e9e. Contactez-nous pour plus d&#039;informations.Par t\u00e9l\u00e9phone: 07 44 47 87 47 +1 302 867 6835\" \/>\n<meta property=\"og:url\" content=\"https:\/\/churchofchrist-eglisedechrist.fr\/en\/nous-contacter\/\" \/>\n<meta property=\"og:site_name\" content=\"Eglise de Christ\" \/>\n<meta property=\"article:modified_time\" content=\"2026-04-23T12:06:22+00:00\" \/>\n<meta property=\"og:image\" content=\"https:\/\/churchofchrist-eglisedechrist.fr\/wp-content\/uploads\/2025\/03\/tarryn-grignet-Y16C3oolrdk-unsplash.jpg\" \/>\n\t<meta property=\"og:image:width\" content=\"1920\" \/>\n\t<meta property=\"og:image:height\" content=\"1280\" \/>\n\t<meta property=\"og:image:type\" content=\"image\/jpeg\" \/>\n<meta name=\"twitter:card\" content=\"summary_large_image\" \/>\n<meta name=\"twitter:label1\" content=\"Est. reading time\" \/>\n\t<meta name=\"twitter:data1\" content=\"1 minute\" \/>\n<script type=\"application\/ld+json\" class=\"yoast-schema-graph\">{\"@context\":\"https:\\\/\\\/schema.org\",\"@graph\":[{\"@type\":\"WebPage\",\"@id\":\"https:\\\/\\\/churchofchrist-eglisedechrist.fr\\\/nous-contacter\\\/\",\"url\":\"https:\\\/\\\/churchofchrist-eglisedechrist.fr\\\/nous-contacter\\\/\",\"name\":\"Nous contacter - Eglise de Christ\",\"isPartOf\":{\"@id\":\"https:\\\/\\\/churchofchrist-eglisedechrist.fr\\\/#website\"},\"primaryImageOfPage\":{\"@id\":\"https:\\\/\\\/churchofchrist-eglisedechrist.fr\\\/nous-contacter\\\/#primaryimage\"},\"image\":{\"@id\":\"https:\\\/\\\/churchofchrist-eglisedechrist.fr\\\/nous-contacter\\\/#primaryimage\"},\"thumbnailUrl\":\"https:\\\/\\\/churchofchrist-eglisedechrist.fr\\\/wp-content\\\/uploads\\\/2025\\\/03\\\/tarryn-grignet-Y16C3oolrdk-unsplash.jpg\",\"datePublished\":\"2019-12-05T21:45:49+00:00\",\"dateModified\":\"2026-04-23T12:06:22+00:00\",\"breadcrumb\":{\"@id\":\"https:\\\/\\\/churchofchrist-eglisedechrist.fr\\\/nous-contacter\\\/#breadcrumb\"},\"inLanguage\":\"en-US\",\"potentialAction\":[{\"@type\":\"ReadAction\",\"target\":[\"https:\\\/\\\/churchofchrist-eglisedechrist.fr\\\/nous-contacter\\\/\"]}]},{\"@type\":\"ImageObject\",\"inLanguage\":\"en-US\",\"@id\":\"https:\\\/\\\/churchofchrist-eglisedechrist.fr\\\/nous-contacter\\\/#primaryimage\",\"url\":\"https:\\\/\\\/churchofchrist-eglisedechrist.fr\\\/wp-content\\\/uploads\\\/2025\\\/03\\\/tarryn-grignet-Y16C3oolrdk-unsplash.jpg\",\"contentUrl\":\"https:\\\/\\\/churchofchrist-eglisedechrist.fr\\\/wp-content\\\/uploads\\\/2025\\\/03\\\/tarryn-grignet-Y16C3oolrdk-unsplash.jpg\",\"width\":1920,\"height\":1280,\"caption\":\"Tarryn grignet y16c3oolrdk unsplash\"},{\"@type\":\"BreadcrumbList\",\"@id\":\"https:\\\/\\\/churchofchrist-eglisedechrist.fr\\\/nous-contacter\\\/#breadcrumb\",\"itemListElement\":[{\"@type\":\"ListItem\",\"position\":1,\"name\":\"Accueil\",\"item\":\"https:\\\/\\\/churchofchrist-eglisedechrist.fr\\\/\"},{\"@type\":\"ListItem\",\"position\":2,\"name\":\"Nous contacter\"}]},{\"@type\":\"WebSite\",\"@id\":\"https:\\\/\\\/churchofchrist-eglisedechrist.fr\\\/#website\",\"url\":\"https:\\\/\\\/churchofchrist-eglisedechrist.fr\\\/\",\"name\":\"Eglise de Christ\",\"description\":\"Paris, France\",\"potentialAction\":[{\"@type\":\"SearchAction\",\"target\":{\"@type\":\"EntryPoint\",\"urlTemplate\":\"https:\\\/\\\/churchofchrist-eglisedechrist.fr\\\/?s={search_term_string}\"},\"query-input\":{\"@type\":\"PropertyValueSpecification\",\"valueRequired\":true,\"valueName\":\"search_term_string\"}}],\"inLanguage\":\"en-US\"}]}<\/script>\n<!-- \/ Yoast SEO plugin. -->","yoast_head_json":{"title":"Nous contacter - Eglise de Christ","robots":{"index":"index","follow":"follow","max-snippet":"max-snippet:-1","max-image-preview":"max-image-preview:large","max-video-preview":"max-video-preview:-1"},"canonical":"https:\/\/churchofchrist-eglisedechrist.fr\/en\/nous-contacter\/","og_locale":"en_US","og_type":"article","og_title":"Nous contacter - Eglise de Christ","og_description":"Nous nous r\u00e9unissons par Zoom en ligne ou ponctuellement chez des membres de l'assembl\u00e9e. Contactez-nous pour plus d'informations.Par t\u00e9l\u00e9phone: 07 44 47 87 47 +1 302 867 6835","og_url":"https:\/\/churchofchrist-eglisedechrist.fr\/en\/nous-contacter\/","og_site_name":"Eglise de Christ","article_modified_time":"2026-04-23T12:06:22+00:00","og_image":[{"width":1920,"height":1280,"url":"https:\/\/churchofchrist-eglisedechrist.fr\/wp-content\/uploads\/2025\/03\/tarryn-grignet-Y16C3oolrdk-unsplash.jpg","type":"image\/jpeg"}],"twitter_card":"summary_large_image","twitter_misc":{"Est. reading time":"1 minute"},"schema":{"@context":"https:\/\/schema.org","@graph":[{"@type":"WebPage","@id":"https:\/\/churchofchrist-eglisedechrist.fr\/nous-contacter\/","url":"https:\/\/churchofchrist-eglisedechrist.fr\/nous-contacter\/","name":"Nous contacter - Eglise de Christ","isPartOf":{"@id":"https:\/\/churchofchrist-eglisedechrist.fr\/#website"},"primaryImageOfPage":{"@id":"https:\/\/churchofchrist-eglisedechrist.fr\/nous-contacter\/#primaryimage"},"image":{"@id":"https:\/\/churchofchrist-eglisedechrist.fr\/nous-contacter\/#primaryimage"},"thumbnailUrl":"https:\/\/churchofchrist-eglisedechrist.fr\/wp-content\/uploads\/2025\/03\/tarryn-grignet-Y16C3oolrdk-unsplash.jpg","datePublished":"2019-12-05T21:45:49+00:00","dateModified":"2026-04-23T12:06:22+00:00","breadcrumb":{"@id":"https:\/\/churchofchrist-eglisedechrist.fr\/nous-contacter\/#breadcrumb"},"inLanguage":"en-US","potentialAction":[{"@type":"ReadAction","target":["https:\/\/churchofchrist-eglisedechrist.fr\/nous-contacter\/"]}]},{"@type":"ImageObject","inLanguage":"en-US","@id":"https:\/\/churchofchrist-eglisedechrist.fr\/nous-contacter\/#primaryimage","url":"https:\/\/churchofchrist-eglisedechrist.fr\/wp-content\/uploads\/2025\/03\/tarryn-grignet-Y16C3oolrdk-unsplash.jpg","contentUrl":"https:\/\/churchofchrist-eglisedechrist.fr\/wp-content\/uploads\/2025\/03\/tarryn-grignet-Y16C3oolrdk-unsplash.jpg","width":1920,"height":1280,"caption":"Tarryn grignet y16c3oolrdk unsplash"},{"@type":"BreadcrumbList","@id":"https:\/\/churchofchrist-eglisedechrist.fr\/nous-contacter\/#breadcrumb","itemListElement":[{"@type":"ListItem","position":1,"name":"Accueil","item":"https:\/\/churchofchrist-eglisedechrist.fr\/"},{"@type":"ListItem","position":2,"name":"Nous contacter"}]},{"@type":"WebSite","@id":"https:\/\/churchofchrist-eglisedechrist.fr\/#website","url":"https:\/\/churchofchrist-eglisedechrist.fr\/","name":"Eglise de Christ","description":"Paris, France","potentialAction":[{"@type":"SearchAction","target":{"@type":"EntryPoint","urlTemplate":"https:\/\/churchofchrist-eglisedechrist.fr\/?s={search_term_string}"},"query-input":{"@type":"PropertyValueSpecification","valueRequired":true,"valueName":"search_term_string"}}],"inLanguage":"en-US"}]}},"_links":{"self":[{"href":"https:\/\/churchofchrist-eglisedechrist.fr\/en\/wp-json\/wp\/v2\/pages\/1628","targetHints":{"allow":["GET"]}}],"collection":[{"href":"https:\/\/churchofchrist-eglisedechrist.fr\/en\/wp-json\/wp\/v2\/pages"}],"about":[{"href":"https:\/\/churchofchrist-eglisedechrist.fr\/en\/wp-json\/wp\/v2\/types\/page"}],"author":[{"embeddable":true,"href":"https:\/\/churchofchrist-eglisedechrist.fr\/en\/wp-json\/wp\/v2\/users\/2"}],"replies":[{"embeddable":true,"href":"https:\/\/churchofchrist-eglisedechrist.fr\/en\/wp-json\/wp\/v2\/comments?post=1628"}],"version-history":[{"count":14,"href":"https:\/\/churchofchrist-eglisedechrist.fr\/en\/wp-json\/wp\/v2\/pages\/1628\/revisions"}],"predecessor-version":[{"id":5229,"href":"https:\/\/churchofchrist-eglisedechrist.fr\/en\/wp-json\/wp\/v2\/pages\/1628\/revisions\/5229"}],"wp:featuredmedia":[{"embeddable":true,"href":"https:\/\/churchofchrist-eglisedechrist.fr\/en\/wp-json\/wp\/v2\/media\/4680"}],"wp:attachment":[{"href":"https:\/\/churchofchrist-eglisedechrist.fr\/en\/wp-json\/wp\/v2\/media?parent=1628"}],"curies":[{"name":"wp","href":"https:\/\/api.w.org\/{rel}","templated":true}]}}