{"id":1420,"date":"2017-01-06T15:25:48","date_gmt":"2017-01-06T14:25:48","guid":{"rendered":"http:\/\/demo.infomaniak.com\/divi\/?page_id=1420"},"modified":"2025-03-30T19:33:09","modified_gmt":"2025-03-30T17:33:09","slug":"ressources","status":"publish","type":"page","link":"https:\/\/churchofchrist-eglisedechrist.fr\/en\/ressources\/","title":{"rendered":"Resources"},"content":{"rendered":"<p>[et_pb_section fb_built=\u00a0\u00bb1&Prime; admin_label=\u00a0\u00bbsection\u00a0\u00bb _builder_version=\u00a0\u00bb4.16&Prime; global_colors_info=\u00a0\u00bb{}\u00a0\u00bb][et_pb_row _builder_version=\u00a0\u00bb4.27.4&Prime; _module_preset=\u00a0\u00bbdefault\u00a0\u00bb][et_pb_column _builder_version=\u00a0\u00bb4.27.4&Prime; _module_preset=\u00a0\u00bbdefault\u00a0\u00bb type=\u00a0\u00bb4_4&Prime;][et_pb_text _builder_version=\u00a0\u00bb4.27.4&Prime; _module_preset=\u00a0\u00bbdefault\u00a0\u00bb hover_enabled=\u00a0\u00bb0&Prime; sticky_enabled=\u00a0\u00bb0&Prime;]<\/p>\n<h2>Nous sommes au service de tous.<\/h2>\n<p>A ceux qui ne croient pas ou qui ne croient plus, \u00e0 ceux qui se posent des questions sans trouver de r\u00e9ponses satisfaisantes. Nous voulons aider ceux qui ont la foi, qui cherchent \u00e0 l\u2019approfondir, \u00e0 mieux la vivre ou \u00e0 la partager.<\/p>\n<p>Notre but est de vous permettre d\u2019acc\u00e9der efficacement et rapidement \u00e0 l\u2019information recherch\u00e9e et de tenter de r\u00e9pondre aux questions que vous vous posez.<\/p>\n<p>[\/et_pb_text][\/et_pb_column][\/et_pb_row][et_pb_row column_structure=\u00a0\u00bb1_4,1_4,1_4,1_4&Prime; _builder_version=\u00a0\u00bb4.27.4&Prime; _module_preset=\u00a0\u00bbdefault\u00a0\u00bb global_colors_info=\u00a0\u00bb{}\u00a0\u00bb][et_pb_column type=\u00a0\u00bb1_4&Prime; _builder_version=\u00a0\u00bb4.27.4&Prime; _module_preset=\u00a0\u00bbdefault\u00a0\u00bb global_colors_info=\u00a0\u00bb{}\u00a0\u00bb][et_pb_text _builder_version=\u00a0\u00bb4.27.4&Prime; _dynamic_attributes=\u00a0\u00bblink_option_url\u00a0\u00bb _module_preset=\u00a0\u00bbdefault\u00a0\u00bb text_text_color=\u00a0\u00bb#FFFFFF\u00a0\u00bb header_2_text_color=\u00a0\u00bb#FFFFFF\u00a0\u00bb background_image=\u00a0\u00bbhttps:\/\/churchofchrist-eglisedechrist.fr\/wp-content\/uploads\/2025\/03\/matt-botsford-OKLqGsCT8qs-unsplash.jpg\u00a0\u00bb min_height=\u00a0\u00bb200px\u00a0\u00bb custom_margin=\u00a0\u00bb||||false|false\u00a0\u00bb custom_padding=\u00a0\u00bb50px|||20px|false|false\u00a0\u00bb link_option_url=\u00a0\u00bb@ET-DC@eyJkeW5hbWljIjp0cnVlLCJjb250ZW50IjoicG9zdF9saW5rX3VybF9wYWdlIiwic2V0dGluZ3MiOnsicG9zdF9pZCI6IjE2MTIifX0=@\u00a0\u00bb global_colors_info=\u00a0\u00bb{}\u00a0\u00bb]<\/p>\n<h2>Audio<\/h2>\n<p>[\/et_pb_text][\/et_pb_column][et_pb_column type=\u00a0\u00bb1_4&Prime; _builder_version=\u00a0\u00bb4.27.4&Prime; _module_preset=\u00a0\u00bbdefault\u00a0\u00bb global_colors_info=\u00a0\u00bb{}\u00a0\u00bb][et_pb_text _builder_version=\u00a0\u00bb4.27.4&Prime; _dynamic_attributes=\u00a0\u00bblink_option_url\u00a0\u00bb _module_preset=\u00a0\u00bbdefault\u00a0\u00bb text_text_color=\u00a0\u00bb#FFFFFF\u00a0\u00bb header_2_text_color=\u00a0\u00bb#FFFFFF\u00a0\u00bb background_image=\u00a0\u00bbhttps:\/\/churchofchrist-eglisedechrist.fr\/wp-content\/uploads\/2025\/03\/joshua-hanson-8XzRRB54LGg-unsplash.jpg\u00a0\u00bb min_height=\u00a0\u00bb200px\u00a0\u00bb custom_margin=\u00a0\u00bb||||false|false\u00a0\u00bb custom_padding=\u00a0\u00bb50px|||20px|false|false\u00a0\u00bb link_option_url=\u00a0\u00bb@ET-DC@eyJkeW5hbWljIjp0cnVlLCJjb250ZW50IjoicG9zdF9saW5rX3VybF9wYWdlIiwic2V0dGluZ3MiOnsicG9zdF9pZCI6IjE2MTIifX0=@\u00a0\u00bb global_colors_info=\u00a0\u00bb{}\u00a0\u00bb]<\/p>\n<h2>Vid\u00e9os<\/h2>\n<p>[\/et_pb_text][\/et_pb_column][et_pb_column type=\u00a0\u00bb1_4&Prime; _builder_version=\u00a0\u00bb4.27.4&Prime; _module_preset=\u00a0\u00bbdefault\u00a0\u00bb global_colors_info=\u00a0\u00bb{}\u00a0\u00bb][et_pb_text _builder_version=\u00a0\u00bb4.27.4&Prime; _dynamic_attributes=\u00a0\u00bblink_option_url\u00a0\u00bb _module_preset=\u00a0\u00bbdefault\u00a0\u00bb text_text_color=\u00a0\u00bb#FFFFFF\u00a0\u00bb header_2_text_color=\u00a0\u00bb#FFFFFF\u00a0\u00bb background_image=\u00a0\u00bbhttps:\/\/churchofchrist-eglisedechrist.fr\/wp-content\/uploads\/2025\/03\/aaron-burden-6jYoil2GhVk-unsplash.jpg\u00a0\u00bb min_height=\u00a0\u00bb200px\u00a0\u00bb custom_margin=\u00a0\u00bb||||false|false\u00a0\u00bb custom_padding=\u00a0\u00bb50px|||20px|false|false\u00a0\u00bb link_option_url=\u00a0\u00bb@ET-DC@eyJkeW5hbWljIjp0cnVlLCJjb250ZW50IjoicG9zdF9saW5rX3VybF9wYWdlIiwic2V0dGluZ3MiOnsicG9zdF9pZCI6IjMxNzgifX0=@\u00a0\u00bb global_colors_info=\u00a0\u00bb{}\u00a0\u00bb]<\/p>\n<h2>Aides Visuelles<\/h2>\n<p>[\/et_pb_text][\/et_pb_column][et_pb_column type=\u00a0\u00bb1_4&Prime; _builder_version=\u00a0\u00bb4.27.4&Prime; _module_preset=\u00a0\u00bbdefault\u00a0\u00bb global_colors_info=\u00a0\u00bb{}\u00a0\u00bb][et_pb_text _builder_version=\u00a0\u00bb4.27.4&Prime; _dynamic_attributes=\u00a0\u00bblink_option_url\u00a0\u00bb _module_preset=\u00a0\u00bbdefault\u00a0\u00bb text_text_color=\u00a0\u00bb#FFFFFF\u00a0\u00bb header_2_text_color=\u00a0\u00bb#FFFFFF\u00a0\u00bb background_image=\u00a0\u00bbhttps:\/\/churchofchrist-eglisedechrist.fr\/wp-content\/uploads\/2017\/01\/mzx2uowz-o0-o0-luis-llerena-unsplash.jpg\u00a0\u00bb min_height=\u00a0\u00bb200px\u00a0\u00bb custom_margin=\u00a0\u00bb||||false|false\u00a0\u00bb custom_padding=\u00a0\u00bb50px|||20px|false|false\u00a0\u00bb link_option_url=\u00a0\u00bb@ET-DC@eyJkeW5hbWljIjp0cnVlLCJjb250ZW50IjoicG9zdF9saW5rX3VybF9wYWdlIiwic2V0dGluZ3MiOnsicG9zdF9pZCI6IjMzNzcifX0=@\u00a0\u00bb global_colors_info=\u00a0\u00bb{}\u00a0\u00bb]<\/p>\n<h2>Etudes<\/h2>\n<p>[\/et_pb_text][\/et_pb_column][\/et_pb_row][\/et_pb_section]<\/p>\n","protected":false},"excerpt":{"rendered":"<p>Nous sommes au service de tous. A ceux qui ne croient pas ou qui ne croient plus, \u00e0 ceux qui se posent des questions sans trouver de r\u00e9ponses satisfaisantes. Nous voulons aider ceux qui ont la foi, qui cherchent \u00e0 l\u2019approfondir, \u00e0 mieux la vivre ou \u00e0 la partager. Notre but est de vous permettre [&hellip;]<\/p>\n","protected":false},"author":2,"featured_media":4690,"parent":0,"menu_order":11,"comment_status":"closed","ping_status":"closed","template":"","meta":{"_acf_changed":false,"_et_pb_use_builder":"on","_et_pb_old_content":"<!-- wp:shortcode -->\r\n<p>[child_pages list=\"true\"]<\/p>\r\n<!-- \/wp:shortcode -->","_et_gb_content_width":"","footnotes":"","_links_to":"","_links_to_target":""},"class_list":["post-1420","page","type-page","status-publish","has-post-thumbnail","hentry"],"acf":[],"yoast_head":"<!-- This site is optimized with the Yoast SEO plugin v27.6 - https:\/\/yoast.com\/product\/yoast-seo-wordpress\/ -->\n<title>Ressources - Eglise de Christ<\/title>\n<meta name=\"robots\" content=\"index, follow, max-snippet:-1, max-image-preview:large, max-video-preview:-1\" \/>\n<link rel=\"canonical\" href=\"https:\/\/churchofchrist-eglisedechrist.fr\/en\/ressources\/\" \/>\n<meta property=\"og:locale\" content=\"en_US\" \/>\n<meta property=\"og:type\" content=\"article\" \/>\n<meta property=\"og:title\" content=\"Ressources - Eglise de Christ\" \/>\n<meta property=\"og:description\" content=\"Nous sommes au service de tous. A ceux qui ne croient pas ou qui ne croient plus, \u00e0 ceux qui se posent des questions sans trouver de r\u00e9ponses satisfaisantes. Nous voulons aider ceux qui ont la foi, qui cherchent \u00e0 l\u2019approfondir, \u00e0 mieux la vivre ou \u00e0 la partager. Notre but est de vous permettre [&hellip;]\" \/>\n<meta property=\"og:url\" content=\"https:\/\/churchofchrist-eglisedechrist.fr\/en\/ressources\/\" \/>\n<meta property=\"og:site_name\" content=\"Eglise de Christ\" \/>\n<meta property=\"article:modified_time\" content=\"2025-03-30T17:33:09+00:00\" \/>\n<meta property=\"og:image\" content=\"https:\/\/churchofchrist-eglisedechrist.fr\/wp-content\/uploads\/2025\/03\/johann-siemens-EPy0gBJzzZU-unsplash.jpg\" \/>\n\t<meta property=\"og:image:width\" content=\"1920\" \/>\n\t<meta property=\"og:image:height\" content=\"1272\" \/>\n\t<meta property=\"og:image:type\" content=\"image\/jpeg\" \/>\n<meta name=\"twitter:card\" content=\"summary_large_image\" \/>\n<meta name=\"twitter:label1\" content=\"Est. reading time\" \/>\n\t<meta name=\"twitter:data1\" content=\"1 minute\" \/>\n<script type=\"application\/ld+json\" class=\"yoast-schema-graph\">{\"@context\":\"https:\\\/\\\/schema.org\",\"@graph\":[{\"@type\":\"WebPage\",\"@id\":\"https:\\\/\\\/churchofchrist-eglisedechrist.fr\\\/en\\\/ressources\\\/\",\"url\":\"https:\\\/\\\/churchofchrist-eglisedechrist.fr\\\/en\\\/ressources\\\/\",\"name\":\"Ressources - Eglise de Christ\",\"isPartOf\":{\"@id\":\"https:\\\/\\\/churchofchrist-eglisedechrist.fr\\\/#website\"},\"primaryImageOfPage\":{\"@id\":\"https:\\\/\\\/churchofchrist-eglisedechrist.fr\\\/en\\\/ressources\\\/#primaryimage\"},\"image\":{\"@id\":\"https:\\\/\\\/churchofchrist-eglisedechrist.fr\\\/en\\\/ressources\\\/#primaryimage\"},\"thumbnailUrl\":\"https:\\\/\\\/churchofchrist-eglisedechrist.fr\\\/wp-content\\\/uploads\\\/2025\\\/03\\\/johann-siemens-EPy0gBJzzZU-unsplash.jpg\",\"datePublished\":\"2017-01-06T14:25:48+00:00\",\"dateModified\":\"2025-03-30T17:33:09+00:00\",\"breadcrumb\":{\"@id\":\"https:\\\/\\\/churchofchrist-eglisedechrist.fr\\\/en\\\/ressources\\\/#breadcrumb\"},\"inLanguage\":\"en-US\",\"potentialAction\":[{\"@type\":\"ReadAction\",\"target\":[\"https:\\\/\\\/churchofchrist-eglisedechrist.fr\\\/en\\\/ressources\\\/\"]}]},{\"@type\":\"ImageObject\",\"inLanguage\":\"en-US\",\"@id\":\"https:\\\/\\\/churchofchrist-eglisedechrist.fr\\\/en\\\/ressources\\\/#primaryimage\",\"url\":\"https:\\\/\\\/churchofchrist-eglisedechrist.fr\\\/wp-content\\\/uploads\\\/2025\\\/03\\\/johann-siemens-EPy0gBJzzZU-unsplash.jpg\",\"contentUrl\":\"https:\\\/\\\/churchofchrist-eglisedechrist.fr\\\/wp-content\\\/uploads\\\/2025\\\/03\\\/johann-siemens-EPy0gBJzzZU-unsplash.jpg\",\"width\":1920,\"height\":1272,\"caption\":\"Johann siemens epy0gbjzzzu unsplash\"},{\"@type\":\"BreadcrumbList\",\"@id\":\"https:\\\/\\\/churchofchrist-eglisedechrist.fr\\\/en\\\/ressources\\\/#breadcrumb\",\"itemListElement\":[{\"@type\":\"ListItem\",\"position\":1,\"name\":\"Accueil\",\"item\":\"https:\\\/\\\/churchofchrist-eglisedechrist.fr\\\/\"},{\"@type\":\"ListItem\",\"position\":2,\"name\":\"Ressources\"}]},{\"@type\":\"WebSite\",\"@id\":\"https:\\\/\\\/churchofchrist-eglisedechrist.fr\\\/#website\",\"url\":\"https:\\\/\\\/churchofchrist-eglisedechrist.fr\\\/\",\"name\":\"Eglise de Christ\",\"description\":\"Paris, France\",\"potentialAction\":[{\"@type\":\"SearchAction\",\"target\":{\"@type\":\"EntryPoint\",\"urlTemplate\":\"https:\\\/\\\/churchofchrist-eglisedechrist.fr\\\/?s={search_term_string}\"},\"query-input\":{\"@type\":\"PropertyValueSpecification\",\"valueRequired\":true,\"valueName\":\"search_term_string\"}}],\"inLanguage\":\"en-US\"}]}<\/script>\n<!-- \/ Yoast SEO plugin. -->","yoast_head_json":{"title":"Ressources - Eglise de Christ","robots":{"index":"index","follow":"follow","max-snippet":"max-snippet:-1","max-image-preview":"max-image-preview:large","max-video-preview":"max-video-preview:-1"},"canonical":"https:\/\/churchofchrist-eglisedechrist.fr\/en\/ressources\/","og_locale":"en_US","og_type":"article","og_title":"Ressources - Eglise de Christ","og_description":"Nous sommes au service de tous. A ceux qui ne croient pas ou qui ne croient plus, \u00e0 ceux qui se posent des questions sans trouver de r\u00e9ponses satisfaisantes. Nous voulons aider ceux qui ont la foi, qui cherchent \u00e0 l\u2019approfondir, \u00e0 mieux la vivre ou \u00e0 la partager. Notre but est de vous permettre [&hellip;]","og_url":"https:\/\/churchofchrist-eglisedechrist.fr\/en\/ressources\/","og_site_name":"Eglise de Christ","article_modified_time":"2025-03-30T17:33:09+00:00","og_image":[{"width":1920,"height":1272,"url":"https:\/\/churchofchrist-eglisedechrist.fr\/wp-content\/uploads\/2025\/03\/johann-siemens-EPy0gBJzzZU-unsplash.jpg","type":"image\/jpeg"}],"twitter_card":"summary_large_image","twitter_misc":{"Est. reading time":"1 minute"},"schema":{"@context":"https:\/\/schema.org","@graph":[{"@type":"WebPage","@id":"https:\/\/churchofchrist-eglisedechrist.fr\/en\/ressources\/","url":"https:\/\/churchofchrist-eglisedechrist.fr\/en\/ressources\/","name":"Ressources - Eglise de Christ","isPartOf":{"@id":"https:\/\/churchofchrist-eglisedechrist.fr\/#website"},"primaryImageOfPage":{"@id":"https:\/\/churchofchrist-eglisedechrist.fr\/en\/ressources\/#primaryimage"},"image":{"@id":"https:\/\/churchofchrist-eglisedechrist.fr\/en\/ressources\/#primaryimage"},"thumbnailUrl":"https:\/\/churchofchrist-eglisedechrist.fr\/wp-content\/uploads\/2025\/03\/johann-siemens-EPy0gBJzzZU-unsplash.jpg","datePublished":"2017-01-06T14:25:48+00:00","dateModified":"2025-03-30T17:33:09+00:00","breadcrumb":{"@id":"https:\/\/churchofchrist-eglisedechrist.fr\/en\/ressources\/#breadcrumb"},"inLanguage":"en-US","potentialAction":[{"@type":"ReadAction","target":["https:\/\/churchofchrist-eglisedechrist.fr\/en\/ressources\/"]}]},{"@type":"ImageObject","inLanguage":"en-US","@id":"https:\/\/churchofchrist-eglisedechrist.fr\/en\/ressources\/#primaryimage","url":"https:\/\/churchofchrist-eglisedechrist.fr\/wp-content\/uploads\/2025\/03\/johann-siemens-EPy0gBJzzZU-unsplash.jpg","contentUrl":"https:\/\/churchofchrist-eglisedechrist.fr\/wp-content\/uploads\/2025\/03\/johann-siemens-EPy0gBJzzZU-unsplash.jpg","width":1920,"height":1272,"caption":"Johann siemens epy0gbjzzzu unsplash"},{"@type":"BreadcrumbList","@id":"https:\/\/churchofchrist-eglisedechrist.fr\/en\/ressources\/#breadcrumb","itemListElement":[{"@type":"ListItem","position":1,"name":"Accueil","item":"https:\/\/churchofchrist-eglisedechrist.fr\/"},{"@type":"ListItem","position":2,"name":"Ressources"}]},{"@type":"WebSite","@id":"https:\/\/churchofchrist-eglisedechrist.fr\/#website","url":"https:\/\/churchofchrist-eglisedechrist.fr\/","name":"Eglise de Christ","description":"Paris, France","potentialAction":[{"@type":"SearchAction","target":{"@type":"EntryPoint","urlTemplate":"https:\/\/churchofchrist-eglisedechrist.fr\/?s={search_term_string}"},"query-input":{"@type":"PropertyValueSpecification","valueRequired":true,"valueName":"search_term_string"}}],"inLanguage":"en-US"}]}},"_links":{"self":[{"href":"https:\/\/churchofchrist-eglisedechrist.fr\/en\/wp-json\/wp\/v2\/pages\/1420","targetHints":{"allow":["GET"]}}],"collection":[{"href":"https:\/\/churchofchrist-eglisedechrist.fr\/en\/wp-json\/wp\/v2\/pages"}],"about":[{"href":"https:\/\/churchofchrist-eglisedechrist.fr\/en\/wp-json\/wp\/v2\/types\/page"}],"author":[{"embeddable":true,"href":"https:\/\/churchofchrist-eglisedechrist.fr\/en\/wp-json\/wp\/v2\/users\/2"}],"replies":[{"embeddable":true,"href":"https:\/\/churchofchrist-eglisedechrist.fr\/en\/wp-json\/wp\/v2\/comments?post=1420"}],"version-history":[{"count":18,"href":"https:\/\/churchofchrist-eglisedechrist.fr\/en\/wp-json\/wp\/v2\/pages\/1420\/revisions"}],"predecessor-version":[{"id":4737,"href":"https:\/\/churchofchrist-eglisedechrist.fr\/en\/wp-json\/wp\/v2\/pages\/1420\/revisions\/4737"}],"wp:featuredmedia":[{"embeddable":true,"href":"https:\/\/churchofchrist-eglisedechrist.fr\/en\/wp-json\/wp\/v2\/media\/4690"}],"wp:attachment":[{"href":"https:\/\/churchofchrist-eglisedechrist.fr\/en\/wp-json\/wp\/v2\/media?parent=1420"}],"curies":[{"name":"wp","href":"https:\/\/api.w.org\/{rel}","templated":true}]}}